{"id":1013,"date":"2017-02-28T17:10:03","date_gmt":"2017-02-28T16:10:03","guid":{"rendered":"https:\/\/lys.golf\/?page_id=1013"},"modified":"2017-12-26T15:15:31","modified_gmt":"2017-12-26T14:15:31","slug":"actualites-membres","status":"publish","type":"page","link":"https:\/\/lys.golf\/index.php\/actualites-membres\/","title":{"rendered":"Actualit\u00e9s Membres"},"content":{"rendered":"<div class=\"pbs-main-wrapper\"><div class=\"pmpro_content_message\">Cette section est accessible uniquement par les membres inscrit sur le site.<\/div>\n<\/div>","protected":false},"excerpt":{"rendered":"<div class=\"pmpro_content_message\">Cette section est accessible uniquement par les membres inscrit sur le site.<\/div>","protected":false},"author":1,"featured_media":0,"parent":0,"menu_order":0,"comment_status":"closed","ping_status":"closed","template":"template-full-width.php","meta":{"pmpro_default_level":""},"jetpack_sharing_enabled":true,"jetpack_shortlink":"https:\/\/wp.me\/P8s0JS-gl","jetpack-related-posts":[{"id":501,"url":"https:\/\/lys.golf\/","url_meta":{"origin":1013,"position":0},"title":"Accueil","date":"","format":false,"excerpt":"Le club du Lys Chantilly fier de son histoire prestigieuse, il demeure l\u2019un des lieux les plus attractifs de France. Scroll down R\u00c9SERVATION MEMBRES GOLF Organisez votre partie en regardant qui a d\u00e9j\u00e0 r\u00e9serv\u00e9 un d\u00e9part. Avec un peu de chance, vous retrouverez des amis. Vous pouvez aussi joindre l\u2019accueil.\u2026","rel":"","context":"Article similaire","img":{"alt_text":"","src":"https:\/\/i0.wp.com\/lys.golf\/wp-content\/uploads\/2016\/11\/cropped-lys.png?fit=1000%2C397&ssl=1&resize=350%2C200","width":350,"height":200},"classes":[]},{"id":113,"url":"https:\/\/lys.golf\/index.php\/restaurant\/","url_meta":{"origin":1013,"position":1},"title":"Restaurant","date":"","format":false,"excerpt":"Le restaurant et son espace lounge Notre Chef vous propose quotidiennement un menu \u00e9labor\u00e9 que de produits frais. En compl\u00e9ment, une carte vous est propos\u00e9e. Pour plus d'informations et pour l'organisation de vos \u00e9v\u00e8nements vous pouvez nous contacter au 03 44 21 26 00 ou par mail \u00e0 restaurant@lys.golf Actualit\u00e9s\u2026","rel":"","context":"Article similaire","img":{"alt_text":"","src":"","width":0,"height":0},"classes":[]},{"id":1509,"url":"https:\/\/lys.golf\/index.php\/author-home-page\/author-documentation-creer-un-utilisateur\/","url_meta":{"origin":1013,"position":2},"title":"Author documentation cr\u00e9er un utilisateur","date":"","format":false,"excerpt":"Cr\u00e9er un acc\u00e8s membre 1 \u2013 Aller dans le menu cr\u00e9er un utilisateur : Cliquez sur l\u2019ic\u00f4ne \u201c+ Cr\u00e9er\u201d dans la barre en haut de la page puis \u201cUtilisateur\u201c. 2 \u2013 Remplir le fomulaire Remplir le formulaire avec les informations suivantes : Identifiant (Obligatoire) : Premi\u00e8re lettre du pr\u00e9nom +\u2026","rel":"","context":"Article similaire","img":{"alt_text":"","src":"https:\/\/i0.wp.com\/lys.golf\/wp-content\/uploads\/2017\/03\/Pict2-1012x1024-blur-1012x1024.jpg?resize=350%2C200&ssl=1","width":350,"height":200},"classes":[]},{"id":1321,"url":"https:\/\/lys.golf\/index.php\/author-home-page\/","url_meta":{"origin":1013,"position":3},"title":"Author home page","date":"","format":false,"excerpt":"Outils d\u2019administration Membres Gestion Espace de gestion des membres existants. Vous pouvez modifier leurs informations de contact, leur mot de passe, photo, \u2026 Membres Cr\u00e9er Membre Nouveau Cr\u00e9ez un nouveau compte d\u2019acc\u00e8s pour un membre au site web. Ajouter Article R\u00e9diger un article R\u00e9diger un nouvel article est le poster\u2026","rel":"","context":"Article similaire","img":{"alt_text":"","src":"","width":0,"height":0},"classes":[]},{"id":709,"url":"https:\/\/lys.golf\/index.php\/actualite\/","url_meta":{"origin":1013,"position":4},"title":"Actualit\u00e9s","date":"","format":false,"excerpt":"Fil d\u2019actualit\u00e9 S\u2019inscrire \u00e0 la newsletter Souscrire","rel":"","context":"Article similaire","img":{"alt_text":"","src":"","width":0,"height":0},"classes":[]},{"id":1360,"url":"https:\/\/lys.golf\/index.php\/compte-dadherent\/","url_meta":{"origin":1013,"position":5},"title":"Compte d&rsquo;adh\u00e9rent","date":"","format":false,"excerpt":"Membres Cet espace est tristement r\u00e9serv\u00e9 aux membres du Club du Lys Chantilly qui sont \u00e0 jour de leur cotisation. Si vous n'avez pas encore d'identifiant, veuillez vous rapprocher de l'accueil ou faire la demande via le formulaire de contact. Sinon vous pouvez vous connecter en utilisant le lien \"se\u2026","rel":"","context":"Article similaire","img":{"alt_text":"","src":"","width":0,"height":0},"classes":[]}],"_links":{"self":[{"href":"https:\/\/lys.golf\/index.php\/wp-json\/wp\/v2\/pages\/1013"}],"collection":[{"href":"https:\/\/lys.golf\/index.php\/wp-json\/wp\/v2\/pages"}],"about":[{"href":"https:\/\/lys.golf\/index.php\/wp-json\/wp\/v2\/types\/page"}],"author":[{"embeddable":true,"href":"https:\/\/lys.golf\/index.php\/wp-json\/wp\/v2\/users\/1"}],"replies":[{"embeddable":true,"href":"https:\/\/lys.golf\/index.php\/wp-json\/wp\/v2\/comments?post=1013"}],"version-history":[{"count":0,"href":"https:\/\/lys.golf\/index.php\/wp-json\/wp\/v2\/pages\/1013\/revisions"}],"wp:attachment":[{"href":"https:\/\/lys.golf\/index.php\/wp-json\/wp\/v2\/media?parent=1013"}],"curies":[{"name":"wp","href":"https:\/\/api.w.org\/{rel}","templated":true}]}}