{"id":1056,"date":"2017-02-28T21:32:17","date_gmt":"2017-02-28T20:32:17","guid":{"rendered":"https:\/\/lys.golf\/?page_id=1056"},"modified":"2025-02-02T16:27:17","modified_gmt":"2025-02-02T16:27:17","slug":"tarifs","status":"publish","type":"page","link":"https:\/\/lys.golf\/index.php\/golf\/tarifs\/","title":{"rendered":"Tarifs"},"content":{"rendered":"<div class=\"pbs-main-wrapper\"><p><\/p>\n<h1><span style=\"color: #b18e34; text-transform: uppercase;\">Nos tarifs au 01\/01\/2025<br \/><\/span><\/h1>\n<p><\/p>\n<p><\/p>\n<p>Vous trouverez ci-dessous notre brochure tarifaire<\/p>\n<p><\/p>\n<p><\/p>\n<p><a href=\"https:\/\/lys.golf\/wp-content\/uploads\/2025\/01\/Depliant-tarifs-2025.pdf\" data-type=\"URL\" data-id=\"https:\/\/lys.golf\/wp-content\/uploads\/2025\/01\/Depliant-tarifs-2025.pdf\">Tarifs au 01\/01\/2025<\/a><\/p>\n<p><\/p>\n<p><\/p>\n<p><a href=\"https:\/\/lys.golf\/wp-content\/uploads\/2025\/02\/GLC-Abonnements-annuels-2025.pdf\">Dossier inscription Abonnement au 01\/01\/202<\/a>5<\/p>\n<p><\/p>\n<p><\/p>\n<figure class=\"wp-block-image alignleft is-resized\"><img data-attachment-id=\"2945\" data-permalink=\"https:\/\/lys.golf\/index.php\/golf\/tarifs\/logos_leclub_golf_2020_quadri\/#main\" data-orig-file=\"https:\/\/i0.wp.com\/lys.golf\/wp-content\/uploads\/2020\/10\/logos_LeClub_golf_2020_quadri.png?fit=2717%2C3839&amp;ssl=1\" data-orig-size=\"2717,3839\" data-comments-opened=\"0\" data-image-meta=\"{&quot;aperture&quot;:&quot;0&quot;,&quot;credit&quot;:&quot;&quot;,&quot;camera&quot;:&quot;&quot;,&quot;caption&quot;:&quot;&quot;,&quot;created_timestamp&quot;:&quot;0&quot;,&quot;copyright&quot;:&quot;&quot;,&quot;focal_length&quot;:&quot;0&quot;,&quot;iso&quot;:&quot;0&quot;,&quot;shutter_speed&quot;:&quot;0&quot;,&quot;title&quot;:&quot;&quot;,&quot;orientation&quot;:&quot;0&quot;}\" data-image-title=\"logos_LeClub_golf_2020_quadri\" data-image-description=\"\" data-image-caption=\"\" data-medium-file=\"https:\/\/i0.wp.com\/lys.golf\/wp-content\/uploads\/2020\/10\/logos_LeClub_golf_2020_quadri.png?fit=212%2C300&amp;ssl=1\" data-large-file=\"https:\/\/i0.wp.com\/lys.golf\/wp-content\/uploads\/2020\/10\/logos_LeClub_golf_2020_quadri.png?fit=640%2C904&amp;ssl=1\" loading=\"lazy\" src=\"https:\/\/i0.wp.com\/lys.golf\/wp-content\/uploads\/2020\/10\/logos_LeClub_golf_2020_quadri.png?resize=53%2C75&#038;ssl=1\" alt=\"\" class=\"wp-image-2945\" width=\"53\" height=\"75\" srcset=\"https:\/\/i0.wp.com\/lys.golf\/wp-content\/uploads\/2020\/10\/logos_LeClub_golf_2020_quadri.png?resize=212%2C300&amp;ssl=1 212w, https:\/\/i0.wp.com\/lys.golf\/wp-content\/uploads\/2020\/10\/logos_LeClub_golf_2020_quadri.png?resize=725%2C1024&amp;ssl=1 725w, https:\/\/i0.wp.com\/lys.golf\/wp-content\/uploads\/2020\/10\/logos_LeClub_golf_2020_quadri.png?resize=768%2C1085&amp;ssl=1 768w, https:\/\/i0.wp.com\/lys.golf\/wp-content\/uploads\/2020\/10\/logos_LeClub_golf_2020_quadri.png?resize=1087%2C1536&amp;ssl=1 1087w, https:\/\/i0.wp.com\/lys.golf\/wp-content\/uploads\/2020\/10\/logos_LeClub_golf_2020_quadri.png?resize=1449%2C2048&amp;ssl=1 1449w, https:\/\/i0.wp.com\/lys.golf\/wp-content\/uploads\/2020\/10\/logos_LeClub_golf_2020_quadri.png?w=1280&amp;ssl=1 1280w, https:\/\/i0.wp.com\/lys.golf\/wp-content\/uploads\/2020\/10\/logos_LeClub_golf_2020_quadri.png?w=1920&amp;ssl=1 1920w\" sizes=\"(max-width: 53px) 100vw, 53px\" data-recalc-dims=\"1\" \/><\/figure>\n<p><\/p>\n<p><\/p>\n<p> Pour les adh\u00e9rents au r\u00e9seau <a href=\"https:\/\/leclub-golf.com\/fr\/\" xlink=\"href\">LeClub Golf<\/a>&nbsp; une remise est appliqu\u00e9e <em>(uniquement sur les green fees 18 trous)<\/em> : carte classic -30% <em>(du 01\/10 au 31\/03)<\/em> et -20% <em>(du 01\/04 au 30\/09)<\/em> \/\/ carte gold -50% <em>(toute l&rsquo;ann\u00e9e)<\/em><\/p>\n<p><\/p>\n<p><\/p>\n<p><\/p>\n<\/div>","protected":false},"excerpt":{"rendered":"<p>Nos tarifs au 01\/01\/2025 Vous trouverez ci-dessous notre brochure tarifaire Tarifs au 01\/01\/2025 Dossier inscription Abonnement au 01\/01\/2025 Pour les adh\u00e9rents au r\u00e9seau LeClub Golf&nbsp; une remise est appliqu\u00e9e (uniquement sur les green fees 18 trous) : carte classic -30% (du 01\/10 au 31\/03) et -20% (du 01\/04 au 30\/09) \/\/ carte gold -50% (toute [&hellip;]<\/p>\n","protected":false},"author":1,"featured_media":0,"parent":261,"menu_order":0,"comment_status":"closed","ping_status":"closed","template":"template-full-width.php","meta":{"pmpro_default_level":""},"jetpack_sharing_enabled":true,"jetpack_shortlink":"https:\/\/wp.me\/P8s0JS-h2","jetpack-related-posts":[{"id":1559,"url":"https:\/\/lys.golf\/index.php\/author-home-page\/installer-wordpress-sur-smartphone-ou-tablette\/","url_meta":{"origin":1056,"position":0},"title":"Installer wordpress sur smartphone ou tablette","date":"","format":false,"excerpt":"Installer WordPress sur smartphone ou tablette Rendez vous sur l\u2019app store de votre appareil pour t\u00e9l\u00e9charger l\u2019application WordPress 1 \u2013 A l\u2019ouverture de l\u2019application la premi\u00e8re fois, vous devez configurer l\u2019acc\u00e8s au site. Appuyez en bas de la page sur \u201cAjouter un site WordPress auto-h\u00e9berg\u00e9\u201d pour vous connecter sur le\u2026","rel":"","context":"Article similaire","img":{"alt_text":"","src":"","width":0,"height":0},"classes":[]},{"id":396,"url":"https:\/\/lys.golf\/index.php\/golf\/enseignants\/","url_meta":{"origin":1056,"position":1},"title":"Enseignants","date":"","format":false,"excerpt":"j\u00e9r\u00e9my goErgen J\u00e9r\u00e9my GOERGEN rejoint le club du Lys-Chantilly \u00e0 l\u2019\u00e9t\u00e9 2018 Form\u00e9 au Centre National de Formation de la F\u00e9d\u00e9ration Fran\u00e7aise de Golf (78), \u00e0 ce jour, titulaire de l\u2019ensemble des Dipl\u00f4mes Sportifs Sp\u00e9cifiques Golf valid\u00e9s et reconnus par le Minist\u00e8re de la Jeunesse et du Sport. Il obtient\u2026","rel":"","context":"Article similaire","img":{"alt_text":"","src":"https:\/\/i0.wp.com\/lys.golf\/wp-content\/uploads\/2022\/12\/photo-Jofrrey-PENELON-225x300.jpg?resize=350%2C200&ssl=1","width":350,"height":200},"classes":[]},{"id":1702,"url":"https:\/\/lys.golf\/index.php\/golf\/country-club\/","url_meta":{"origin":1056,"position":2},"title":"Country Club","date":"","format":false,"excerpt":"Country Club Le Golf du Lys Chantilly, c\u2019est aussi un espace Country Club r\u00e9serv\u00e9 \u00e0 ses membres, au sein duquel vous pourrez profiter : De Notre piscine ext\u00e9rieure chauff\u00e9e, ouverte de juin \u00e0 septembre (sous r\u00e9serve des conditions m\u00e9t\u00e9os) De 9 courts de tennis, dont 2 courts couverts Du parcours\u2026","rel":"","context":"Article similaire","img":{"alt_text":"","src":"","width":0,"height":0},"classes":[]},{"id":390,"url":"https:\/\/lys.golf\/index.php\/golf\/green-keeper\/","url_meta":{"origin":1056,"position":3},"title":"Green-keeper","date":"","format":false,"excerpt":"Jean-Louis MIGNON Greenkeeper Jean-Louis a rejoint le projet du Lys en 2016. Apr\u00e8s des \u00e9tudes en Sciences Agronomiques, il a int\u00e9gr\u00e9 en 1991 la Formation des intendants de golf de Neuvic en Corr\u00e8ze en alternance avec un contrat qualification au Golf de Saint-Germain en laye o\u00f9 il a pu apprendre\u2026","rel":"","context":"Article similaire","img":{"alt_text":"","src":"","width":0,"height":0},"classes":[]},{"id":331,"url":"https:\/\/lys.golf\/index.php\/zone-membres\/","url_meta":{"origin":1056,"position":4},"title":"Zone Membres","date":"","format":false,"excerpt":"Club House Histoire du club D\u00e9couvrez l\u2019histoire du club ainsi que des vid\u00e9os in\u00e9dites. Histoire InformationMembres Retrouvez les informations importantes destin\u00e9es aux membres du club. Information reservation D\u00e9part Le Club\u00a0met \u00e0 votre disposition un outil pour r\u00e9server en ligne votre d\u00e9part. Demandez vos identifiants \u00e0 l\u2019accueil ou via le formulaire\u2026","rel":"","context":"Article similaire","img":{"alt_text":"","src":"","width":0,"height":0},"classes":[]},{"id":1321,"url":"https:\/\/lys.golf\/index.php\/author-home-page\/","url_meta":{"origin":1056,"position":5},"title":"Author home page","date":"","format":false,"excerpt":"Outils d\u2019administration Membres Gestion Espace de gestion des membres existants. Vous pouvez modifier leurs informations de contact, leur mot de passe, photo, \u2026 Membres Cr\u00e9er Membre Nouveau Cr\u00e9ez un nouveau compte d\u2019acc\u00e8s pour un membre au site web. Ajouter Article R\u00e9diger un article R\u00e9diger un nouvel article est le poster\u2026","rel":"","context":"Article similaire","img":{"alt_text":"","src":"","width":0,"height":0},"classes":[]}],"_links":{"self":[{"href":"https:\/\/lys.golf\/index.php\/wp-json\/wp\/v2\/pages\/1056"}],"collection":[{"href":"https:\/\/lys.golf\/index.php\/wp-json\/wp\/v2\/pages"}],"about":[{"href":"https:\/\/lys.golf\/index.php\/wp-json\/wp\/v2\/types\/page"}],"author":[{"embeddable":true,"href":"https:\/\/lys.golf\/index.php\/wp-json\/wp\/v2\/users\/1"}],"replies":[{"embeddable":true,"href":"https:\/\/lys.golf\/index.php\/wp-json\/wp\/v2\/comments?post=1056"}],"version-history":[{"count":17,"href":"https:\/\/lys.golf\/index.php\/wp-json\/wp\/v2\/pages\/1056\/revisions"}],"predecessor-version":[{"id":3079,"href":"https:\/\/lys.golf\/index.php\/wp-json\/wp\/v2\/pages\/1056\/revisions\/3079"}],"up":[{"embeddable":true,"href":"https:\/\/lys.golf\/index.php\/wp-json\/wp\/v2\/pages\/261"}],"wp:attachment":[{"href":"https:\/\/lys.golf\/index.php\/wp-json\/wp\/v2\/media?parent=1056"}],"curies":[{"name":"wp","href":"https:\/\/api.w.org\/{rel}","templated":true}]}}