{"id":1074,"date":"2017-03-01T08:56:55","date_gmt":"2017-03-01T07:56:55","guid":{"rendered":"https:\/\/lys.golf\/?page_id=1074"},"modified":"2024-11-14T09:36:57","modified_gmt":"2024-11-14T09:36:57","slug":"enseignement","status":"publish","type":"page","link":"https:\/\/lys.golf\/index.php\/golf\/enseignement\/","title":{"rendered":"Enseignement"},"content":{"rendered":"<div class=\"pbs-main-wrapper\"><p><\/p>\n<div data-ce-tag=\"spacer\"><\/div>\n<p><\/p>\n<p><\/p>\n<div data-ce-tag=\"spacer\"><a href=\"https:\/\/lys.golf\/wp-content\/uploads\/2024\/11\/GLC-dossier-inscription-Ecole-de-Golf-Tennis-2024-2025.pdf\" xlink=\"href\" data-wplink-edit=\"true\">Dossier inscription Ecole de Golf \/ Tennis 2024-2025<\/a><\/div>\n<p><\/p>\n<p><\/p>\n<div data-ce-tag=\"spacer\"><a href=\"https:\/\/lys.golf\/wp-content\/uploads\/2024\/11\/2024-2025_Calendrier-EDG.pdf\" xlink=\"href\">Calendrier \u00e9cole de golf 2024-2025<\/a><\/div>\n<p><\/p>\n<p><\/p>\n<h1><span style=\"color: #b18e34; text-transform: uppercase;\">ecole de golf et ecole de tennis<\/span><\/h1>\n<p><\/p>\n<p><\/p>\n<div data-ce-tag=\"spacer\">&#8212;<\/div>\n<p><\/p>\n<p><\/p>\n<h1><span style=\"color: #b18e34; text-transform: uppercase;\">Cours collectifs adultes<\/span><\/h1>\n<p><\/p>\n<p><\/p>\n<p>&#8212;<\/p>\n<p><\/p>\n<\/div>","protected":false},"excerpt":{"rendered":"<p>Dossier inscription Ecole de Golf \/ Tennis 2024-2025 Calendrier \u00e9cole de golf 2024-2025 ecole de golf et ecole de tennis &#8212; Cours collectifs adultes &#8212;<\/p>\n","protected":false},"author":1,"featured_media":0,"parent":261,"menu_order":0,"comment_status":"closed","ping_status":"closed","template":"template-full-width.php","meta":{"pmpro_default_level":""},"jetpack_sharing_enabled":true,"jetpack_shortlink":"https:\/\/wp.me\/P8s0JS-hk","jetpack-related-posts":[{"id":261,"url":"https:\/\/lys.golf\/index.php\/golf\/","url_meta":{"origin":1074,"position":0},"title":"Bienvenue au Golf du Lys Chantilly","date":"","format":false,"excerpt":"Bienvenue au Golf du Lys Chantilly Le Golf du Lys Chantilly, \ufb01er de son histoire prestigieuse, demeure un des lieux les plus attractif de France. A seulement 35km de Paris, le domaine o\u00f9 r\u00e8gne un vrai art de vivre reste con\ufb01n\u00e9 \u00e0 l\u2019abri des regards. Quand le 27 octobre 1929,\u2026","rel":"","context":"Article similaire","img":{"alt_text":"","src":"","width":0,"height":0},"classes":[]},{"id":501,"url":"https:\/\/lys.golf\/","url_meta":{"origin":1074,"position":1},"title":"Accueil","date":"","format":false,"excerpt":"Le club du Lys Chantilly fier de son histoire prestigieuse, il demeure l\u2019un des lieux les plus attractifs de France. Scroll down R\u00c9SERVATION MEMBRES GOLF Organisez votre partie en regardant qui a d\u00e9j\u00e0 r\u00e9serv\u00e9 un d\u00e9part. Avec un peu de chance, vous retrouverez des amis. Vous pouvez aussi joindre l\u2019accueil.\u2026","rel":"","context":"Article similaire","img":{"alt_text":"","src":"https:\/\/i0.wp.com\/lys.golf\/wp-content\/uploads\/2016\/11\/cropped-lys.png?fit=1000%2C397&ssl=1&resize=350%2C200","width":350,"height":200},"classes":[]},{"id":1702,"url":"https:\/\/lys.golf\/index.php\/golf\/country-club\/","url_meta":{"origin":1074,"position":2},"title":"Country Club","date":"","format":false,"excerpt":"Country Club Le Golf du Lys Chantilly, c\u2019est aussi un espace Country Club r\u00e9serv\u00e9 \u00e0 ses membres, au sein duquel vous pourrez profiter : De Notre piscine ext\u00e9rieure chauff\u00e9e, ouverte de juin \u00e0 septembre (sous r\u00e9serve des conditions m\u00e9t\u00e9os) De 9 courts de tennis, dont 2 courts couverts Du parcours\u2026","rel":"","context":"Article similaire","img":{"alt_text":"","src":"","width":0,"height":0},"classes":[]},{"id":1154,"url":"https:\/\/lys.golf\/index.php\/golf\/histoire\/","url_meta":{"origin":1074,"position":3},"title":"Histoire","date":"","format":false,"excerpt":"Histoire En golf, c\u2019est bien connu, la maturit\u00e9 est souvent longue \u00e0 venir. Tout au long de son histoire le domaine du Lys dans un premier temps, devenu par la suite \u00ab\u00a0l\u2019International Club du Lys\u00a0\u00bb (le prestigieux I.C.L.), a \u00e9volu\u00e9 avec son temps. Magniquement situ\u00e9 au c\u0153ur de la for\u00eat\u2026","rel":"","context":"Article similaire","img":{"alt_text":"","src":"https:\/\/i0.wp.com\/lys.golf\/wp-content\/uploads\/2017\/03\/lys-chantilly02.jpg?zoom=2&resize=350%2C200","width":350,"height":200},"classes":[]},{"id":1056,"url":"https:\/\/lys.golf\/index.php\/golf\/tarifs\/","url_meta":{"origin":1074,"position":4},"title":"Tarifs","date":"","format":false,"excerpt":"Nos tarifs au 01\/01\/2025 Vous trouverez ci-dessous notre brochure tarifaire Tarifs au 01\/01\/2025 Dossier inscription Abonnement au 01\/01\/2025 Pour les adh\u00e9rents au r\u00e9seau LeClub Golf\u00a0 une remise est appliqu\u00e9e (uniquement sur les green fees 18 trous) : carte classic -30% (du 01\/10 au 31\/03) et -20% (du 01\/04 au 30\/09)\u2026","rel":"","context":"Article similaire","img":{"alt_text":"","src":"https:\/\/i0.wp.com\/lys.golf\/wp-content\/uploads\/2020\/10\/logos_LeClub_golf_2020_quadri.png?resize=350%2C200&ssl=1","width":350,"height":200},"classes":[]},{"id":390,"url":"https:\/\/lys.golf\/index.php\/golf\/green-keeper\/","url_meta":{"origin":1074,"position":5},"title":"Green-keeper","date":"","format":false,"excerpt":"Jean-Louis MIGNON Greenkeeper Jean-Louis a rejoint le projet du Lys en 2016. Apr\u00e8s des \u00e9tudes en Sciences Agronomiques, il a int\u00e9gr\u00e9 en 1991 la Formation des intendants de golf de Neuvic en Corr\u00e8ze en alternance avec un contrat qualification au Golf de Saint-Germain en laye o\u00f9 il a pu apprendre\u2026","rel":"","context":"Article similaire","img":{"alt_text":"","src":"","width":0,"height":0},"classes":[]}],"_links":{"self":[{"href":"https:\/\/lys.golf\/index.php\/wp-json\/wp\/v2\/pages\/1074"}],"collection":[{"href":"https:\/\/lys.golf\/index.php\/wp-json\/wp\/v2\/pages"}],"about":[{"href":"https:\/\/lys.golf\/index.php\/wp-json\/wp\/v2\/types\/page"}],"author":[{"embeddable":true,"href":"https:\/\/lys.golf\/index.php\/wp-json\/wp\/v2\/users\/1"}],"replies":[{"embeddable":true,"href":"https:\/\/lys.golf\/index.php\/wp-json\/wp\/v2\/comments?post=1074"}],"version-history":[{"count":10,"href":"https:\/\/lys.golf\/index.php\/wp-json\/wp\/v2\/pages\/1074\/revisions"}],"predecessor-version":[{"id":3066,"href":"https:\/\/lys.golf\/index.php\/wp-json\/wp\/v2\/pages\/1074\/revisions\/3066"}],"up":[{"embeddable":true,"href":"https:\/\/lys.golf\/index.php\/wp-json\/wp\/v2\/pages\/261"}],"wp:attachment":[{"href":"https:\/\/lys.golf\/index.php\/wp-json\/wp\/v2\/media?parent=1074"}],"curies":[{"name":"wp","href":"https:\/\/api.w.org\/{rel}","templated":true}]}}