{"id":113,"date":"2017-02-23T19:30:35","date_gmt":"2017-02-23T18:30:35","guid":{"rendered":"https:\/\/lys.golf\/?page_id=113"},"modified":"2024-11-14T09:39:50","modified_gmt":"2024-11-14T09:39:50","slug":"restaurant","status":"publish","type":"page","link":"https:\/\/lys.golf\/index.php\/restaurant\/","title":{"rendered":"Restaurant"},"content":{"rendered":"<style id=\"pbs-style\">.pbsguid-ozcges:before {height: 1em !important;width: 1em !important;background-image: url(\"data:image\/svg+xml,%3Csvg fill='%23ffffff' viewBox='0 0 20 20' xmlns='http:\/\/www.w3.org\/2000\/svg'%3E%3Cpath d='M2.89 2h14.23q.37 0 .625.255T18 2.88v14.24q0 .36-.255.62t-.625.26h-4.08v-6.2h2.08l.31-2.41h-2.39V7.85q0-.59.25-.885t.95-.295h1.28V4.51q-.66-.09-1.86-.09-1.42 0-2.265.835T10.55 7.61v1.78H8.46v2.41h2.09V18H2.89q-.37 0-.63-.26T2 17.12V2.88q0-.37.26-.625T2.89 2z'%3E%3C\/path%3E%3C\/svg%3E\")}.pbsguid-h0ogzb:before {background-image: url(\"data:image\/svg+xml,%3Csvg fill='%23ffffff' viewBox='0 0 20 20' xmlns='http:\/\/www.w3.org\/2000\/svg'%3E%3Cpath d='M18.94 4.46q-.75 1.12-1.83 1.9.01.15.01.47 0 1.47-.43 2.945T15.38 12.6t-2.1 2.39-2.93 1.66-3.66.62q-3.04 0-5.63-1.65.48.05.88.05 2.55 0 4.55-1.57-1.19-.02-2.125-.73T3.07 11.55q.39.07.69.07.47 0 .96-.13-1.27-.26-2.105-1.27T1.78 7.89v-.04q.8.43 1.66.46-.75-.51-1.19-1.315T1.81 5.25q0-1 .5-1.84Q3.69 5.1 5.655 6.115T9.87 7.24q-.1-.45-.1-.84 0-1.51 1.075-2.585T13.44 2.74q1.6 0 2.68 1.16 1.26-.26 2.33-.89-.43 1.32-1.62 2.02 1.07-.11 2.11-.57z'%3E%3C\/path%3E%3C\/svg%3E\");}.pbsguid-ozcges:before {height: 1em !important;width: 1em !important;background-image: url(\"data:image\/svg+xml,%3Csvg fill='%23ffffff' viewBox='0 0 20 20' xmlns='http:\/\/www.w3.org\/2000\/svg'%3E%3Cpath d='M2.89 2h14.23q.37 0 .625.255T18 2.88v14.24q0 .36-.255.62t-.625.26h-4.08v-6.2h2.08l.31-2.41h-2.39V7.85q0-.59.25-.885t.95-.295h1.28V4.51q-.66-.09-1.86-.09-1.42 0-2.265.835T10.55 7.61v1.78H8.46v2.41h2.09V18H2.89q-.37 0-.63-.26T2 17.12V2.88q0-.37.26-.625T2.89 2z'%3E%3C\/path%3E%3C\/svg%3E\")}.pbsguid-h0ogzb:before {background-image: url(\"data:image\/svg+xml,%3Csvg fill='%23ffffff' viewBox='0 0 20 20' xmlns='http:\/\/www.w3.org\/2000\/svg'%3E%3Cpath d='M18.94 4.46q-.75 1.12-1.83 1.9.01.15.01.47 0 1.47-.43 2.945T15.38 12.6t-2.1 2.39-2.93 1.66-3.66.62q-3.04 0-5.63-1.65.48.05.88.05 2.55 0 4.55-1.57-1.19-.02-2.125-.73T3.07 11.55q.39.07.69.07.47 0 .96-.13-1.27-.26-2.105-1.27T1.78 7.89v-.04q.8.43 1.66.46-.75-.51-1.19-1.315T1.81 5.25q0-1 .5-1.84Q3.69 5.1 5.655 6.115T9.87 7.24q-.1-.45-.1-.84 0-1.51 1.075-2.585T13.44 2.74q1.6 0 2.68 1.16 1.26-.26 2.33-.89-.43 1.32-1.62 2.02 1.07-.11 2.11-.57z'%3E%3C\/path%3E%3C\/svg%3E\");}<\/style><div class=\"pbs-main-wrapper\"><p><\/p>\n<div class=\"pbs-row\" style=\"background-image: linear-gradient(rgba(15, 15, 15, 0.498039), rgba(15, 15, 15, 0.498039)), url('https:\/\/lys.golf\/wp-content\/uploads\/2017\/02\/IMG_0219.jpg'); color: #ffffff; position: relative; min-height: 500px; background-size: cover; background-color: rgba(15, 15, 15, 0.498039);\" data-width=\"full-width-retain-content\">\n<div class=\"pbs-col\" style=\"justify-content: center;\">\n<h1 style=\"margin-bottom: 0px; text-align: center;\"><span style=\"color: #ffffff; text-transform: uppercase;\">Le restaurant<\/span><\/h1>\n<h4 style=\"text-align: center;\"><span style=\"color: #ffffff;\">et son espace lounge<\/span><\/h4>\n<\/div>\n<\/div>\n<p><\/p>\n<p><\/p>\n<div data-ce-tag=\"spacer\"><\/div>\n<p><\/p>\n<p><\/p>\n<div data-ce-tag=\"spacer\"><\/div>\n<p><\/p>\n<p><\/p>\n<div class=\"pbs-row\" style=\"position: relative;\" data-width=\"full-width\">\n<div class=\"pbs-col\" style=\"padding-top: 80px; padding-bottom: 80px; padding-left: 16px; background-color: #f8f8f8;\">\n<p style=\"text-align: center;\">Notre Chef vous propose quotidiennement un menu \u00e9labor\u00e9 que de produits frais. En compl\u00e9ment, <a href=\"https:\/\/lys.golf\/wp-content\/uploads\/2024\/11\/carte-resto-2024-11.pdf\" xlink=\"href\" data-wplink-edit=\"true\">une carte vous est propos\u00e9e<\/a>.<\/p>\n<p style=\"text-align: center;\">Pour plus d&rsquo;informations et pour l&rsquo;organisation de vos \u00e9v\u00e8nements vous pouvez nous contacter au <em>03 44 21 26 00 <\/em>ou par mail \u00e0<em> restaurant@lys.golf<\/em><\/p>\n<\/div>\n<div class=\"pbs-col\" style=\"background-image: url('https:\/\/lys.golf\/wp-content\/uploads\/2017\/02\/16587061_1835173363403176_6728437460239391231_o.jpg');\"><\/div>\n<\/div>\n<p><\/p>\n<p><\/p>\n<div data-ce-tag=\"spacer\"><\/div>\n<p><\/p>\n<p><\/p>\n<h1><span style=\"color: #b48f36; text-transform: uppercase;\">Actualit\u00e9s du restaurant<\/span><\/h1>\n<p><\/p>\n<p><\/p>\n<div class=\"pbs-row\" style=\"position: relative; min-height: 200px;\" data-width=\"full-width\">\n<div class=\"pbs-col\" style=\"justify-content: center;\"><div class=\"pt-cv-wrapper\"><div class=\"pt-cv-view pt-cv-pinterest pt-cv-colsys pt-cv-nolf pt-cv-shadow pt-cv-bb pt-cv-sharp-buttons\" id=\"pt-cv-view-a14fbae7sv\"><div data-id=\"pt-cv-page-1\" class=\"pt-cv-page\" data-cvc=\"5\"><div class=\"col-md-2 col-sm-4 col-xs-12 pt-cv-content-item pt-cv-1-col\"  data-pid=\"2071\"><div class='pt-cv-pinmas'><a href=\"https:\/\/lys.golf\/index.php\/2017\/04\/25\/confiez-nous-vos-evenements\/\" class=\"pt-cv-lightbox pt-cv-href-thumbnail pt-cv-thumb-default cvplbd cvp-lazy-container\" target=\"pt-cv-lightbox\" data-width=\"75\" data-height=\"75\" data-content-selector=\"\"><img src=\"https:\/\/lys.golf\/wp-content\/plugins\/pt-content-views-pro\/public\/assets\/images\/lazy_image.png\" class=\"pt-cv-thumbnail img-rounded cvp-substitute cvplazy\" alt=\"Confiez-nous vos \u00e9v\u00e8nements...\" style=\"\" data-cvpsrc=\"https:\/\/lys.golf\/wp-content\/uploads\/2017\/04\/img_4313_3.jpg\" \/><\/a>\n<h4 class=\"pt-cv-title\"><a href=\"https:\/\/lys.golf\/index.php\/2017\/04\/25\/confiez-nous-vos-evenements\/\" class=\"pt-cv-lightbox cvplbd\" target=\"pt-cv-lightbox\" data-width=\"75\" data-height=\"75\" data-content-selector=\"\">Confiez-nous vos \u00e9v\u00e8nements&#8230;<\/a><\/h4>\n<div class=\"pt-cv-content\">L'\u00e9quipe du Lys remercie la famille Carvalho pour nous avoir ...<br \/><div class=\"pt-cv-rmwrap\"><a href=\"https:\/\/lys.golf\/index.php\/2017\/04\/25\/confiez-nous-vos-evenements\/\" class=\"pt-cv-lightbox pt-cv-readmore btn btn-success cvplbd\" target=\"pt-cv-lightbox\" data-width=\"75\" data-height=\"75\" data-content-selector=\"\">Lire La Suite<\/a><\/div><\/div>\n<div class=\"pt-cv-meta-fields\"><span class=\"entry-date\"> <time datetime=\"2017-04-25T18:46:44+02:00\">9 ans ago<\/time><\/span><span> \/ <\/span><span class=\"author\"> <a href=\"https:\/\/lys.golf\/index.php\/author\/jlmignon\/\" rel=\"author\">Jean-Louis Mignon<\/a><\/span><span> \/ <\/span><span class=\"terms\"> <a href='https:\/\/lys.golf\/index.php\/category\/restaurant\/' title='Restaurant' class='pt-cv-tax-restaurant'>Restaurant<\/a><\/span><\/div>\n<div class=\"pt-cv-social-buttons\"><a href=\"https:\/\/www.facebook.com\/sharer\/sharer.php?u=https:\/\/lys.golf\/index.php\/2017\/04\/25\/confiez-nous-vos-evenements\/\" class=\"pt-cv-social-facebook\" target=\"_blank\"><\/a><a href=\"https:\/\/twitter.com\/intent\/tweet?url=https:\/\/lys.golf\/index.php\/2017\/04\/25\/confiez-nous-vos-evenements\/&#038;text=Confiez-nous+vos+%C3%A9v%C3%A8nements%26%238230%3B\" class=\"pt-cv-social-twitter\" target=\"_blank\"><\/a><a href=\"https:\/\/plus.google.com\/share?url=https:\/\/lys.golf\/index.php\/2017\/04\/25\/confiez-nous-vos-evenements\/\" class=\"pt-cv-social-googleplus\" target=\"_blank\"><\/a><a href=\"https:\/\/www.linkedin.com\/shareArticle?mini=true&#038;url=https:\/\/lys.golf\/index.php\/2017\/04\/25\/confiez-nous-vos-evenements\/&#038;title=Confiez-nous+vos+%C3%A9v%C3%A8nements%26%238230%3B&#038;summary=&#038;source=\" class=\"pt-cv-social-linkedin\" target=\"_blank\"><\/a><a href=\"https:\/\/pinterest.com\/pin\/create\/bookmarklet\/?url=https:\/\/lys.golf\/index.php\/2017\/04\/25\/confiez-nous-vos-evenements\/&#038;media=&#038;description=Confiez-nous+vos+%C3%A9v%C3%A8nements%26%238230%3B\" class=\"pt-cv-social-pinterest\" target=\"_blank\"><\/a><\/div><\/div><\/div><\/div><\/div><\/div>\t\t\t<style type=\"text\/css\" id=\"pt-cv-inline-style-9d976e0rpw\">#pt-cv-view-a14fbae7sv.pt-cv-post-border .pt-cv-content-item   { border-top-width: 1px; border-left-width: 1px; border-top-style: solid; border-left-style: solid; border-top-color: #ececec; border-left-color: #ececec; }\n#pt-cv-view-a14fbae7sv .pt-cv-title a, #pt-cv-view-a14fbae7sv  .panel-title { color: #b18e34 !important; font-weight: 600 !important; }\n#pt-cv-view-a14fbae7sv .pt-cv-readmore  { color: #ffffff !important; background-color: #b18e34 !important; }\n#pt-cv-view-a14fbae7sv .pt-cv-readmore:hover  { color: #ffffff !important; background-color: #00aeef !important; }\n#pt-cv-view-a14fbae7sv  + .pt-cv-pagination-wrapper .pt-cv-more , #pt-cv-view-a14fbae7sv  + .pt-cv-pagination-wrapper .pagination .active a { color: #ffffff !important; background-color: #00aeef !important; }\n#pt-cv-gls-a14fbae7sv li a   { font-weight: 600 !important; }\n#pt-cv-gls-a14fbae7sv li a.pt-active   { color: #fff !important; background-color: #ff5a5f !important; }\n#pt-cv-view-a14fbae7sv .img-rounded, #pt-cv-view-a14fbae7sv .pt-cv-hover-wrapper { -webkit-border-radius: 6px !important; -moz-border-radius: 6px !important; border-radius: 6px !important; }<\/style>\r\n\t\t\t<\/div>\n<\/div>\n<p><\/p>\n<\/div>","protected":false},"excerpt":{"rendered":"<p>Le restaurant et son espace lounge Notre Chef vous propose quotidiennement un menu \u00e9labor\u00e9 que de produits frais. En compl\u00e9ment, une carte vous est propos\u00e9e. Pour plus d&rsquo;informations et pour l&rsquo;organisation de vos \u00e9v\u00e8nements vous pouvez nous contacter au 03 44 21 26 00 ou par mail \u00e0 restaurant@lys.golf Actualit\u00e9s du restaurant<\/p>\n","protected":false},"author":1,"featured_media":0,"parent":0,"menu_order":0,"comment_status":"closed","ping_status":"closed","template":"template-full-width.php","meta":{"pmpro_default_level":""},"jetpack_sharing_enabled":true,"jetpack_shortlink":"https:\/\/wp.me\/P8s0JS-1P","jetpack-related-posts":[{"id":261,"url":"https:\/\/lys.golf\/index.php\/golf\/","url_meta":{"origin":113,"position":0},"title":"Bienvenue au Golf du Lys Chantilly","date":"","format":false,"excerpt":"Bienvenue au Golf du Lys Chantilly Le Golf du Lys Chantilly, \ufb01er de son histoire prestigieuse, demeure un des lieux les plus attractif de France. A seulement 35km de Paris, le domaine o\u00f9 r\u00e8gne un vrai art de vivre reste con\ufb01n\u00e9 \u00e0 l\u2019abri des regards. Quand le 27 octobre 1929,\u2026","rel":"","context":"Article similaire","img":{"alt_text":"","src":"","width":0,"height":0},"classes":[]},{"id":55,"url":"https:\/\/lys.golf\/index.php\/restaurant\/carte-du-restaurant\/","url_meta":{"origin":113,"position":1},"title":"Carte du Restaurant","date":"","format":false,"excerpt":"Carte du Restaurant propos\u00e9e par notre Chef Les Formules Golfeur \u2013 17 \u20ac Entr\u00e9e du jour + Plat du jour\u00a0 \u00a0 \u00a0ou\u00a0\u00a0\u00a0 \u00a0Plat du jour + Dessert du jour Golfeur \u2013 24 \u20ac Entr\u00e9e du jour + Plat du jour + Dessert du jour Menu enfant - 9 \u20ac Plat\u2026","rel":"","context":"Article similaire","img":{"alt_text":"","src":"","width":0,"height":0},"classes":[]},{"id":501,"url":"https:\/\/lys.golf\/","url_meta":{"origin":113,"position":2},"title":"Accueil","date":"","format":false,"excerpt":"Le club du Lys Chantilly fier de son histoire prestigieuse, il demeure l\u2019un des lieux les plus attractifs de France. Scroll down R\u00c9SERVATION MEMBRES GOLF Organisez votre partie en regardant qui a d\u00e9j\u00e0 r\u00e9serv\u00e9 un d\u00e9part. Avec un peu de chance, vous retrouverez des amis. Vous pouvez aussi joindre l\u2019accueil.\u2026","rel":"","context":"Article similaire","img":{"alt_text":"","src":"https:\/\/i0.wp.com\/lys.golf\/wp-content\/uploads\/2016\/11\/cropped-lys.png?fit=1000%2C397&ssl=1&resize=350%2C200","width":350,"height":200},"classes":[]},{"id":1702,"url":"https:\/\/lys.golf\/index.php\/golf\/country-club\/","url_meta":{"origin":113,"position":3},"title":"Country Club","date":"","format":false,"excerpt":"Country Club Le Golf du Lys Chantilly, c\u2019est aussi un espace Country Club r\u00e9serv\u00e9 \u00e0 ses membres, au sein duquel vous pourrez profiter : De Notre piscine ext\u00e9rieure chauff\u00e9e, ouverte de juin \u00e0 septembre (sous r\u00e9serve des conditions m\u00e9t\u00e9os) De 9 courts de tennis, dont 2 courts couverts Du parcours\u2026","rel":"","context":"Article similaire","img":{"alt_text":"","src":"","width":0,"height":0},"classes":[]},{"id":239,"url":"https:\/\/lys.golf\/index.php\/restaurant\/carte-alcools\/","url_meta":{"origin":113,"position":4},"title":"Carte alcools","date":"","format":false,"excerpt":"Le bar Carte des alcools Les ap\u00e9ritifs Kir au Sauvignon 14\u00a0cl \u2013 4,30 \u20ac\u00a0 Cassis, m\u00fbre ou p\u00eache Kir Royal 10\u00a0cl \u2013 11\u00a0\u20ac Nicolas Feuillatte Brut r\u00e9serve Ricard, Pastis 2\u00a0cl \u2013 3\u00a0\u20ac Martini Bianco ou Rosso 4 cl \u2013 4 \u20ac Campari 4\u00a0cl \u2013 4\u00a0\u20ac Porto rouge 10\u00a0cl \u2013 5\u00a0\u20ac\u2026","rel":"","context":"Article similaire","img":{"alt_text":"","src":"","width":0,"height":0},"classes":[]},{"id":1509,"url":"https:\/\/lys.golf\/index.php\/author-home-page\/author-documentation-creer-un-utilisateur\/","url_meta":{"origin":113,"position":5},"title":"Author documentation cr\u00e9er un utilisateur","date":"","format":false,"excerpt":"Cr\u00e9er un acc\u00e8s membre 1 \u2013 Aller dans le menu cr\u00e9er un utilisateur : Cliquez sur l\u2019ic\u00f4ne \u201c+ Cr\u00e9er\u201d dans la barre en haut de la page puis \u201cUtilisateur\u201c. 2 \u2013 Remplir le fomulaire Remplir le formulaire avec les informations suivantes : Identifiant (Obligatoire) : Premi\u00e8re lettre du pr\u00e9nom +\u2026","rel":"","context":"Article similaire","img":{"alt_text":"","src":"https:\/\/i0.wp.com\/lys.golf\/wp-content\/uploads\/2017\/03\/Pict2-1012x1024-blur-1012x1024.jpg?resize=350%2C200&ssl=1","width":350,"height":200},"classes":[]}],"_links":{"self":[{"href":"https:\/\/lys.golf\/index.php\/wp-json\/wp\/v2\/pages\/113"}],"collection":[{"href":"https:\/\/lys.golf\/index.php\/wp-json\/wp\/v2\/pages"}],"about":[{"href":"https:\/\/lys.golf\/index.php\/wp-json\/wp\/v2\/types\/page"}],"author":[{"embeddable":true,"href":"https:\/\/lys.golf\/index.php\/wp-json\/wp\/v2\/users\/1"}],"replies":[{"embeddable":true,"href":"https:\/\/lys.golf\/index.php\/wp-json\/wp\/v2\/comments?post=113"}],"version-history":[{"count":7,"href":"https:\/\/lys.golf\/index.php\/wp-json\/wp\/v2\/pages\/113\/revisions"}],"predecessor-version":[{"id":3074,"href":"https:\/\/lys.golf\/index.php\/wp-json\/wp\/v2\/pages\/113\/revisions\/3074"}],"wp:attachment":[{"href":"https:\/\/lys.golf\/index.php\/wp-json\/wp\/v2\/media?parent=113"}],"curies":[{"name":"wp","href":"https:\/\/api.w.org\/{rel}","templated":true}]}}