{"id":1154,"date":"2017-03-01T19:22:54","date_gmt":"2017-03-01T18:22:54","guid":{"rendered":"https:\/\/lys.golf\/?page_id=1154"},"modified":"2017-03-08T06:21:44","modified_gmt":"2017-03-08T05:21:44","slug":"histoire","status":"publish","type":"page","link":"https:\/\/lys.golf\/index.php\/golf\/histoire\/","title":{"rendered":"Histoire"},"content":{"rendered":"<div class=\"pbs-main-wrapper\"><div class=\"pmpro_content_message\">Cette section est accessible uniquement par les membres inscrit sur le site.<\/div>\n<\/div>","protected":false},"excerpt":{"rendered":"<div class=\"pmpro_content_message\">Cette section est accessible uniquement par les membres inscrit sur le site.<\/div>","protected":false},"author":1,"featured_media":0,"parent":261,"menu_order":0,"comment_status":"closed","ping_status":"closed","template":"template-full-width.php","meta":{"pmpro_default_level":""},"jetpack_sharing_enabled":true,"jetpack_shortlink":"https:\/\/wp.me\/P8s0JS-iC","jetpack-related-posts":[{"id":261,"url":"https:\/\/lys.golf\/index.php\/golf\/","url_meta":{"origin":1154,"position":0},"title":"Bienvenue au Golf du Lys Chantilly","date":"","format":false,"excerpt":"Bienvenue au Golf du Lys Chantilly Le Golf du Lys Chantilly, \ufb01er de son histoire prestigieuse, demeure un des lieux les plus attractif de France. A seulement 35km de Paris, le domaine o\u00f9 r\u00e8gne un vrai art de vivre reste con\ufb01n\u00e9 \u00e0 l\u2019abri des regards. Quand le 27 octobre 1929,\u2026","rel":"","context":"Article similaire","img":{"alt_text":"","src":"","width":0,"height":0},"classes":[]},{"id":501,"url":"https:\/\/lys.golf\/","url_meta":{"origin":1154,"position":1},"title":"Accueil","date":"","format":false,"excerpt":"Le club du Lys Chantilly fier de son histoire prestigieuse, il demeure l\u2019un des lieux les plus attractifs de France. Scroll down R\u00c9SERVATION MEMBRES GOLF Organisez votre partie en regardant qui a d\u00e9j\u00e0 r\u00e9serv\u00e9 un d\u00e9part. Avec un peu de chance, vous retrouverez des amis. Vous pouvez aussi joindre l\u2019accueil.\u2026","rel":"","context":"Article similaire","img":{"alt_text":"","src":"https:\/\/i0.wp.com\/lys.golf\/wp-content\/uploads\/2016\/11\/cropped-lys.png?fit=1000%2C397&ssl=1&resize=350%2C200","width":350,"height":200},"classes":[]},{"id":2734,"url":"https:\/\/lys.golf\/index.php\/zone-membres\/mentions-legales-glc\/","url_meta":{"origin":1154,"position":2},"title":"mentions l\u00e9gales GLC","date":"","format":false,"excerpt":"Mentions l\u00e9gales INFORMATIONS Le pr\u00e9sent site https:\/\/lys.golf est la propri\u00e9t\u00e9 exclusive de la soci\u00e9t\u00e9 SASU Golf du Lys Chantilly au capital de 569 307 \u20ac, immatricul\u00e9e au RCS de Paris 808 627 061, dont le si\u00e8ge social est au 16 rue de la Ville l\u2019\u00c9v\u00eaque \u2013 75008 Paris et le\u2026","rel":"","context":"Article similaire","img":{"alt_text":"","src":"","width":0,"height":0},"classes":[]},{"id":396,"url":"https:\/\/lys.golf\/index.php\/golf\/enseignants\/","url_meta":{"origin":1154,"position":3},"title":"Enseignants","date":"","format":false,"excerpt":"j\u00e9r\u00e9my goErgen J\u00e9r\u00e9my GOERGEN rejoint le club du Lys-Chantilly \u00e0 l\u2019\u00e9t\u00e9 2018 Form\u00e9 au Centre National de Formation de la F\u00e9d\u00e9ration Fran\u00e7aise de Golf (78), \u00e0 ce jour, titulaire de l\u2019ensemble des Dipl\u00f4mes Sportifs Sp\u00e9cifiques Golf valid\u00e9s et reconnus par le Minist\u00e8re de la Jeunesse et du Sport. Il obtient\u2026","rel":"","context":"Article similaire","img":{"alt_text":"","src":"https:\/\/i0.wp.com\/lys.golf\/wp-content\/uploads\/2022\/12\/photo-Jofrrey-PENELON-225x300.jpg?resize=350%2C200&ssl=1","width":350,"height":200},"classes":[]},{"id":287,"url":"https:\/\/lys.golf\/index.php\/golf\/pitch-putt\/","url_meta":{"origin":1154,"position":4},"title":"Pitch &#038; Putt","date":"","format":false,"excerpt":"Pitch & Putt Didier Fruchet 2009 9 trous Pitch & Putt Par 27 Longueur : 940 m\u00e8tres Ce superbe Pitch & Putt dessin\u00e9 par D. Fruchet, architecte de golf, amoureux du Lys et enfant du Club, correspond parfaitement \u00e0 l\u2019id\u00e9e du Country Club du Lys Chantilly : offrir \u00e0 un\u2026","rel":"","context":"Article similaire","img":{"alt_text":"","src":"","width":0,"height":0},"classes":[]},{"id":1702,"url":"https:\/\/lys.golf\/index.php\/golf\/country-club\/","url_meta":{"origin":1154,"position":5},"title":"Country Club","date":"","format":false,"excerpt":"Country Club Le Golf du Lys Chantilly, c\u2019est aussi un espace Country Club r\u00e9serv\u00e9 \u00e0 ses membres, au sein duquel vous pourrez profiter : De Notre piscine ext\u00e9rieure chauff\u00e9e, ouverte de juin \u00e0 septembre (sous r\u00e9serve des conditions m\u00e9t\u00e9os) De 9 courts de tennis, dont 2 courts couverts Du parcours\u2026","rel":"","context":"Article similaire","img":{"alt_text":"","src":"","width":0,"height":0},"classes":[]}],"_links":{"self":[{"href":"https:\/\/lys.golf\/index.php\/wp-json\/wp\/v2\/pages\/1154"}],"collection":[{"href":"https:\/\/lys.golf\/index.php\/wp-json\/wp\/v2\/pages"}],"about":[{"href":"https:\/\/lys.golf\/index.php\/wp-json\/wp\/v2\/types\/page"}],"author":[{"embeddable":true,"href":"https:\/\/lys.golf\/index.php\/wp-json\/wp\/v2\/users\/1"}],"replies":[{"embeddable":true,"href":"https:\/\/lys.golf\/index.php\/wp-json\/wp\/v2\/comments?post=1154"}],"version-history":[{"count":0,"href":"https:\/\/lys.golf\/index.php\/wp-json\/wp\/v2\/pages\/1154\/revisions"}],"up":[{"embeddable":true,"href":"https:\/\/lys.golf\/index.php\/wp-json\/wp\/v2\/pages\/261"}],"wp:attachment":[{"href":"https:\/\/lys.golf\/index.php\/wp-json\/wp\/v2\/media?parent=1154"}],"curies":[{"name":"wp","href":"https:\/\/api.w.org\/{rel}","templated":true}]}}