{"id":1366,"date":"2017-03-03T12:23:46","date_gmt":"2017-03-03T11:23:46","guid":{"rendered":"https:\/\/lys.golf\/index.php\/compte-dadherent\/niveaux-dadhesion\/"},"modified":"2017-03-06T09:26:33","modified_gmt":"2017-03-06T08:26:33","slug":"niveaux-dadhesion","status":"publish","type":"page","link":"https:\/\/lys.golf\/index.php\/compte-dadherent\/niveaux-dadhesion\/","title":{"rendered":"Niveaux d&rsquo;adh\u00e9sion"},"content":{"rendered":"<div class=\"pbs-main-wrapper\"><div class=\"pbs-row\" data-width=\"full-width\" style=\"margin-top: -32px; position: relative; min-height: 100vh; background-color: #ffffff;\">\n<div class=\"pbs-col\" style=\"background-image: url('https:\/\/lys.golf\/wp-content\/uploads\/2017\/02\/bouleaux15.jpg'); flex-grow: 2;\">\n<p data-placeholder=\"Click here to add text\">\n<\/div>\n<div class=\"pbs-col\" style=\"padding: 60px 90px; flex-grow: 1; align-self: center; background-color: #ffffff;\">\n<div>\n<p data-placeholder=\"Click here to add text\">\n<\/div>\n<h1><span style=\"color: #b18e34;\">Membres<\/span><\/h1>\n<p>Cet espace est tristement r\u00e9serv\u00e9 aux membres du Club du Lys Chantilly qui sont \u00e0 jour de leur cotisation.<\/p>\n<p>Si vous n&rsquo;avez pas encore d&rsquo;identifiant, veuillez vous rapprocher de l&rsquo;accueil ou faire la demande via le formulaire de <a href=\"https:\/\/lys.golf\/index.php\/contact\/\" xlink=\"href\">contact<\/a>.<\/p>\n<p>Sinon, vous pouvez vous connecter en utilisant le lien \u00ab\u00a0Se connecter\u00a0\u00bb en haut \u00e0 droite de cette page.<\/p>\n<div data-ce-tag=\"spacer\"><\/div>\n<\/div>\n<\/div>\n<div data-ce-tag=\"spacer\"><\/div>\n<\/div>","protected":false},"excerpt":{"rendered":"<p>Membres Cet espace est tristement r\u00e9serv\u00e9 aux membres du Club du Lys Chantilly qui sont \u00e0 jour de leur cotisation. Si vous n&rsquo;avez pas encore d&rsquo;identifiant, veuillez vous rapprocher de l&rsquo;accueil ou faire la demande via le formulaire de contact. Sinon, vous pouvez vous connecter en utilisant le lien \u00ab\u00a0Se connecter\u00a0\u00bb en haut \u00e0 droite [&hellip;]<\/p>\n","protected":false},"author":8,"featured_media":0,"parent":1360,"menu_order":0,"comment_status":"closed","ping_status":"closed","template":"template-full-width.php","meta":{"pmpro_default_level":""},"jetpack_sharing_enabled":true,"jetpack_shortlink":"https:\/\/wp.me\/P8s0JS-m2","jetpack-related-posts":[{"id":1537,"url":"https:\/\/lys.golf\/index.php\/author-home-page\/documentation-administration-des-membres\/","url_meta":{"origin":1366,"position":0},"title":"Documentation Administration des membres","date":"","format":false,"excerpt":"Administration des membres Cette page vous permet de chercher puis d'administrer les comptes des membres. Search users : Champs de recherche d'un membre Identifiant : En cliquant sur l'identifiant du compte, vous acc\u00e9derez \u00e0 sa page de configuration. Ensuite, vous pourrez changer les informations voulues. Email : En cliquant sur\u2026","rel":"","context":"Article similaire","img":{"alt_text":"","src":"https:\/\/i0.wp.com\/lys.golf\/wp-content\/uploads\/2017\/03\/Membres.jpg?resize=350%2C200&ssl=1","width":350,"height":200},"classes":[]},{"id":331,"url":"https:\/\/lys.golf\/index.php\/zone-membres\/","url_meta":{"origin":1366,"position":1},"title":"Zone Membres","date":"","format":false,"excerpt":"Club House Histoire du club D\u00e9couvrez l\u2019histoire du club ainsi que des vid\u00e9os in\u00e9dites. Histoire InformationMembres Retrouvez les informations importantes destin\u00e9es aux membres du club. Information reservation D\u00e9part Le Club\u00a0met \u00e0 votre disposition un outil pour r\u00e9server en ligne votre d\u00e9part. Demandez vos identifiants \u00e0 l\u2019accueil ou via le formulaire\u2026","rel":"","context":"Article similaire","img":{"alt_text":"","src":"","width":0,"height":0},"classes":[]},{"id":1360,"url":"https:\/\/lys.golf\/index.php\/compte-dadherent\/","url_meta":{"origin":1366,"position":2},"title":"Compte d&rsquo;adh\u00e9rent","date":"","format":false,"excerpt":"Membres Cet espace est tristement r\u00e9serv\u00e9 aux membres du Club du Lys Chantilly qui sont \u00e0 jour de leur cotisation. Si vous n'avez pas encore d'identifiant, veuillez vous rapprocher de l'accueil ou faire la demande via le formulaire de contact. Sinon vous pouvez vous connecter en utilisant le lien \"se\u2026","rel":"","context":"Article similaire","img":{"alt_text":"","src":"","width":0,"height":0},"classes":[]},{"id":1509,"url":"https:\/\/lys.golf\/index.php\/author-home-page\/author-documentation-creer-un-utilisateur\/","url_meta":{"origin":1366,"position":3},"title":"Author documentation cr\u00e9er un utilisateur","date":"","format":false,"excerpt":"Cr\u00e9er un acc\u00e8s membre 1 \u2013 Aller dans le menu cr\u00e9er un utilisateur : Cliquez sur l\u2019ic\u00f4ne \u201c+ Cr\u00e9er\u201d dans la barre en haut de la page puis \u201cUtilisateur\u201c. 2 \u2013 Remplir le fomulaire Remplir le formulaire avec les informations suivantes : Identifiant (Obligatoire) : Premi\u00e8re lettre du pr\u00e9nom +\u2026","rel":"","context":"Article similaire","img":{"alt_text":"","src":"https:\/\/i0.wp.com\/lys.golf\/wp-content\/uploads\/2017\/03\/Pict2-1012x1024-blur-1012x1024.jpg?resize=350%2C200&ssl=1","width":350,"height":200},"classes":[]},{"id":501,"url":"https:\/\/lys.golf\/","url_meta":{"origin":1366,"position":4},"title":"Accueil","date":"","format":false,"excerpt":"Le club du Lys Chantilly fier de son histoire prestigieuse, il demeure l\u2019un des lieux les plus attractifs de France. Scroll down R\u00c9SERVATION MEMBRES GOLF Organisez votre partie en regardant qui a d\u00e9j\u00e0 r\u00e9serv\u00e9 un d\u00e9part. Avec un peu de chance, vous retrouverez des amis. Vous pouvez aussi joindre l\u2019accueil.\u2026","rel":"","context":"Article similaire","img":{"alt_text":"","src":"https:\/\/i0.wp.com\/lys.golf\/wp-content\/uploads\/2016\/11\/cropped-lys.png?fit=1000%2C397&ssl=1&resize=350%2C200","width":350,"height":200},"classes":[]},{"id":1545,"url":"https:\/\/lys.golf\/index.php\/author-home-page\/documentation-rediger-article-depuis-smartphone\/","url_meta":{"origin":1366,"position":5},"title":"Documentation rediger article depuis smartphone","date":"","format":false,"excerpt":"R\u00e9diger un article depuis un smartphone 1 \u2013 Cette fen\u00eatre est la page d\u2019accueil WordPress sur votre smartphone ou votre tablette. Pour r\u00e9diger un article : Appuyer sur \u201cArticles du blog\u201d pour voir l\u2019ensemble des articles publi\u00e9s. INFO : Il se peut que vous ne puissiez pas acc\u00e9der aux autres\u2026","rel":"","context":"Article similaire","img":{"alt_text":"","src":"","width":0,"height":0},"classes":[]}],"_links":{"self":[{"href":"https:\/\/lys.golf\/index.php\/wp-json\/wp\/v2\/pages\/1366"}],"collection":[{"href":"https:\/\/lys.golf\/index.php\/wp-json\/wp\/v2\/pages"}],"about":[{"href":"https:\/\/lys.golf\/index.php\/wp-json\/wp\/v2\/types\/page"}],"author":[{"embeddable":true,"href":"https:\/\/lys.golf\/index.php\/wp-json\/wp\/v2\/users\/8"}],"replies":[{"embeddable":true,"href":"https:\/\/lys.golf\/index.php\/wp-json\/wp\/v2\/comments?post=1366"}],"version-history":[{"count":0,"href":"https:\/\/lys.golf\/index.php\/wp-json\/wp\/v2\/pages\/1366\/revisions"}],"up":[{"embeddable":true,"href":"https:\/\/lys.golf\/index.php\/wp-json\/wp\/v2\/pages\/1360"}],"wp:attachment":[{"href":"https:\/\/lys.golf\/index.php\/wp-json\/wp\/v2\/media?parent=1366"}],"curies":[{"name":"wp","href":"https:\/\/api.w.org\/{rel}","templated":true}]}}