{"id":1434,"date":"2017-03-03T17:09:37","date_gmt":"2017-03-03T16:09:37","guid":{"rendered":"https:\/\/lys.golf\/index.php\/pm_reset_password_form\/"},"modified":"2017-03-06T09:46:48","modified_gmt":"2017-03-06T08:46:48","slug":"pm_reset_password_form","status":"publish","type":"page","link":"https:\/\/lys.golf\/index.php\/pm_reset_password_form\/","title":{"rendered":"Reset Password Form"},"content":{"rendered":"<div class=\"pbs-main-wrapper\">Invalid password reset link.\n<\/div>","protected":false},"excerpt":{"rendered":"","protected":false},"author":8,"featured_media":0,"parent":0,"menu_order":0,"comment_status":"closed","ping_status":"closed","template":"template-full-width.php","meta":{"pmpro_default_level":""},"jetpack_sharing_enabled":true,"jetpack_shortlink":"https:\/\/wp.me\/P8s0JS-n8","jetpack-related-posts":[{"id":1433,"url":"https:\/\/lys.golf\/index.php\/pm_forgot_password\/","url_meta":{"origin":1434,"position":0},"title":"Forgot Password","date":"","format":false,"excerpt":"","rel":"","context":"Article similaire","img":{"alt_text":"","src":"","width":0,"height":0},"classes":[]},{"id":22,"url":"https:\/\/lys.golf\/index.php\/contact\/","url_meta":{"origin":1434,"position":1},"title":"Contact","date":"","format":false,"excerpt":"Formulaire de Contact","rel":"","context":"Article similaire","img":{"alt_text":"","src":"","width":0,"height":0},"classes":[]},{"id":396,"url":"https:\/\/lys.golf\/index.php\/golf\/enseignants\/","url_meta":{"origin":1434,"position":2},"title":"Enseignants","date":"","format":false,"excerpt":"j\u00e9r\u00e9my goErgen J\u00e9r\u00e9my GOERGEN rejoint le club du Lys-Chantilly \u00e0 l\u2019\u00e9t\u00e9 2018 Form\u00e9 au Centre National de Formation de la F\u00e9d\u00e9ration Fran\u00e7aise de Golf (78), \u00e0 ce jour, titulaire de l\u2019ensemble des Dipl\u00f4mes Sportifs Sp\u00e9cifiques Golf valid\u00e9s et reconnus par le Minist\u00e8re de la Jeunesse et du Sport. Il obtient\u2026","rel":"","context":"Article similaire","img":{"alt_text":"","src":"https:\/\/i0.wp.com\/lys.golf\/wp-content\/uploads\/2022\/12\/photo-Jofrrey-PENELON-225x300.jpg?resize=350%2C200&ssl=1","width":350,"height":200},"classes":[]}],"_links":{"self":[{"href":"https:\/\/lys.golf\/index.php\/wp-json\/wp\/v2\/pages\/1434"}],"collection":[{"href":"https:\/\/lys.golf\/index.php\/wp-json\/wp\/v2\/pages"}],"about":[{"href":"https:\/\/lys.golf\/index.php\/wp-json\/wp\/v2\/types\/page"}],"author":[{"embeddable":true,"href":"https:\/\/lys.golf\/index.php\/wp-json\/wp\/v2\/users\/8"}],"replies":[{"embeddable":true,"href":"https:\/\/lys.golf\/index.php\/wp-json\/wp\/v2\/comments?post=1434"}],"version-history":[{"count":0,"href":"https:\/\/lys.golf\/index.php\/wp-json\/wp\/v2\/pages\/1434\/revisions"}],"wp:attachment":[{"href":"https:\/\/lys.golf\/index.php\/wp-json\/wp\/v2\/media?parent=1434"}],"curies":[{"name":"wp","href":"https:\/\/api.w.org\/{rel}","templated":true}]}}