{"id":1509,"date":"2017-03-05T11:53:29","date_gmt":"2017-03-05T10:53:29","guid":{"rendered":"https:\/\/lys.golf\/?page_id=1509"},"modified":"2017-12-27T17:02:41","modified_gmt":"2017-12-27T16:02:41","slug":"author-documentation-creer-un-utilisateur","status":"publish","type":"page","link":"https:\/\/lys.golf\/index.php\/author-home-page\/author-documentation-creer-un-utilisateur\/","title":{"rendered":"Author documentation cr\u00e9er un utilisateur"},"content":{"rendered":"<div class=\"pbs-main-wrapper\"><div class=\"pmpro_content_message\">Cette section est accessible uniquement par les membres inscrit sur le site.<\/div>\n<\/div>","protected":false},"excerpt":{"rendered":"<div class=\"pmpro_content_message\">Cette section est accessible uniquement par les membres inscrit sur le site.<\/div>","protected":false},"author":8,"featured_media":0,"parent":1321,"menu_order":0,"comment_status":"closed","ping_status":"closed","template":"template-full-width.php","meta":{"pmpro_default_level":""},"jetpack_sharing_enabled":true,"jetpack_shortlink":"https:\/\/wp.me\/P8s0JS-ol","jetpack-related-posts":[{"id":2421,"url":"https:\/\/lys.golf\/index.php\/zone-membres\/regles-de-confidentialite\/","url_meta":{"origin":1509,"position":0},"title":"R\u00e8gles de confidentialit\u00e9","date":"","format":false,"excerpt":"R\u00e8gles de confidentialit\u00e9 Lorsque vous utilisez nos services, vous nous faites confiance pour le traitement de vos donn\u00e9es. Les pr\u00e9sentes r\u00e8gles de confidentialit\u00e9 visent \u00e0 vous indiquer quelles informations nous collectons, pour quelle raison, et comment nous les utilisons. Ces r\u00e8gles sont importantes et nous esp\u00e9rons que vous prendrez le\u2026","rel":"","context":"Article similaire","img":{"alt_text":"","src":"","width":0,"height":0},"classes":[]},{"id":1330,"url":"https:\/\/lys.golf\/index.php\/author-home-page\/author-documentation-creer-un-article\/","url_meta":{"origin":1509,"position":1},"title":"Author Documentation cr\u00e9er un article","date":"","format":false,"excerpt":"Comment r\u00e9diger un article Avant de publier un article, il est important de s\u2019assurer qu\u2019il est bien r\u00e9dig\u00e9, sans faute, et surtout attribu\u00e9 aux bonnes cat\u00e9gories pour \u00eatre publi\u00e9 dans les bonnes sections. Pour mieux comprendre le fonctionnement, voici une documentation : INFO : Une fois que vous cliquerez sur\u2026","rel":"","context":"Article similaire","img":{"alt_text":"","src":"https:\/\/i0.wp.com\/lys.golf\/wp-content\/uploads\/2017\/03\/Article-1024x922.jpg?resize=350%2C200&ssl=1","width":350,"height":200},"classes":[]},{"id":1321,"url":"https:\/\/lys.golf\/index.php\/author-home-page\/","url_meta":{"origin":1509,"position":2},"title":"Author home page","date":"","format":false,"excerpt":"Outils d\u2019administration Membres Gestion Espace de gestion des membres existants. Vous pouvez modifier leurs informations de contact, leur mot de passe, photo, \u2026 Membres Cr\u00e9er Membre Nouveau Cr\u00e9ez un nouveau compte d\u2019acc\u00e8s pour un membre au site web. Ajouter Article R\u00e9diger un article R\u00e9diger un nouvel article est le poster\u2026","rel":"","context":"Article similaire","img":{"alt_text":"","src":"","width":0,"height":0},"classes":[]},{"id":1198,"url":"https:\/\/lys.golf\/index.php\/creer-un-membre\/","url_meta":{"origin":1509,"position":3},"title":"G\u00e9rer membre","date":"","format":false,"excerpt":"Liste des membres","rel":"","context":"Article similaire","img":{"alt_text":"","src":"","width":0,"height":0},"classes":[]},{"id":2734,"url":"https:\/\/lys.golf\/index.php\/zone-membres\/mentions-legales-glc\/","url_meta":{"origin":1509,"position":4},"title":"mentions l\u00e9gales GLC","date":"","format":false,"excerpt":"Mentions l\u00e9gales INFORMATIONS Le pr\u00e9sent site https:\/\/lys.golf est la propri\u00e9t\u00e9 exclusive de la soci\u00e9t\u00e9 SASU Golf du Lys Chantilly au capital de 569 307 \u20ac, immatricul\u00e9e au RCS de Paris 808 627 061, dont le si\u00e8ge social est au 16 rue de la Ville l\u2019\u00c9v\u00eaque \u2013 75008 Paris et le\u2026","rel":"","context":"Article similaire","img":{"alt_text":"","src":"","width":0,"height":0},"classes":[]},{"id":1545,"url":"https:\/\/lys.golf\/index.php\/author-home-page\/documentation-rediger-article-depuis-smartphone\/","url_meta":{"origin":1509,"position":5},"title":"Documentation rediger article depuis smartphone","date":"","format":false,"excerpt":"R\u00e9diger un article depuis un smartphone 1 \u2013 Cette fen\u00eatre est la page d\u2019accueil WordPress sur votre smartphone ou votre tablette. Pour r\u00e9diger un article : Appuyer sur \u201cArticles du blog\u201d pour voir l\u2019ensemble des articles publi\u00e9s. INFO : Il se peut que vous ne puissiez pas acc\u00e9der aux autres\u2026","rel":"","context":"Article similaire","img":{"alt_text":"","src":"","width":0,"height":0},"classes":[]}],"_links":{"self":[{"href":"https:\/\/lys.golf\/index.php\/wp-json\/wp\/v2\/pages\/1509"}],"collection":[{"href":"https:\/\/lys.golf\/index.php\/wp-json\/wp\/v2\/pages"}],"about":[{"href":"https:\/\/lys.golf\/index.php\/wp-json\/wp\/v2\/types\/page"}],"author":[{"embeddable":true,"href":"https:\/\/lys.golf\/index.php\/wp-json\/wp\/v2\/users\/8"}],"replies":[{"embeddable":true,"href":"https:\/\/lys.golf\/index.php\/wp-json\/wp\/v2\/comments?post=1509"}],"version-history":[{"count":0,"href":"https:\/\/lys.golf\/index.php\/wp-json\/wp\/v2\/pages\/1509\/revisions"}],"up":[{"embeddable":true,"href":"https:\/\/lys.golf\/index.php\/wp-json\/wp\/v2\/pages\/1321"}],"wp:attachment":[{"href":"https:\/\/lys.golf\/index.php\/wp-json\/wp\/v2\/media?parent=1509"}],"curies":[{"name":"wp","href":"https:\/\/api.w.org\/{rel}","templated":true}]}}