{"id":1559,"date":"2017-03-05T14:47:27","date_gmt":"2017-03-05T13:47:27","guid":{"rendered":"https:\/\/lys.golf\/?page_id=1559"},"modified":"2017-12-27T17:07:29","modified_gmt":"2017-12-27T16:07:29","slug":"installer-wordpress-sur-smartphone-ou-tablette","status":"publish","type":"page","link":"https:\/\/lys.golf\/index.php\/author-home-page\/installer-wordpress-sur-smartphone-ou-tablette\/","title":{"rendered":"Installer wordpress sur smartphone ou tablette"},"content":{"rendered":"<div class=\"pbs-main-wrapper\"><div class=\"pmpro_content_message\">Cette section est accessible uniquement par les membres inscrit sur le site.<\/div>\n<\/div>","protected":false},"excerpt":{"rendered":"<div class=\"pmpro_content_message\">Cette section est accessible uniquement par les membres inscrit sur le site.<\/div>","protected":false},"author":8,"featured_media":0,"parent":1321,"menu_order":0,"comment_status":"closed","ping_status":"closed","template":"template-full-width.php","meta":{"pmpro_default_level":""},"jetpack_sharing_enabled":true,"jetpack_shortlink":"https:\/\/wp.me\/P8s0JS-p9","jetpack-related-posts":[{"id":1321,"url":"https:\/\/lys.golf\/index.php\/author-home-page\/","url_meta":{"origin":1559,"position":0},"title":"Author home page","date":"","format":false,"excerpt":"Outils d\u2019administration Membres Gestion Espace de gestion des membres existants. Vous pouvez modifier leurs informations de contact, leur mot de passe, photo, \u2026 Membres Cr\u00e9er Membre Nouveau Cr\u00e9ez un nouveau compte d\u2019acc\u00e8s pour un membre au site web. Ajouter Article R\u00e9diger un article R\u00e9diger un nouvel article est le poster\u2026","rel":"","context":"Article similaire","img":{"alt_text":"","src":"","width":0,"height":0},"classes":[]},{"id":1545,"url":"https:\/\/lys.golf\/index.php\/author-home-page\/documentation-rediger-article-depuis-smartphone\/","url_meta":{"origin":1559,"position":1},"title":"Documentation rediger article depuis smartphone","date":"","format":false,"excerpt":"R\u00e9diger un article depuis un smartphone 1 \u2013 Cette fen\u00eatre est la page d\u2019accueil WordPress sur votre smartphone ou votre tablette. Pour r\u00e9diger un article : Appuyer sur \u201cArticles du blog\u201d pour voir l\u2019ensemble des articles publi\u00e9s. INFO : Il se peut que vous ne puissiez pas acc\u00e9der aux autres\u2026","rel":"","context":"Article similaire","img":{"alt_text":"","src":"","width":0,"height":0},"classes":[]},{"id":331,"url":"https:\/\/lys.golf\/index.php\/zone-membres\/","url_meta":{"origin":1559,"position":2},"title":"Zone Membres","date":"","format":false,"excerpt":"Club House Histoire du club D\u00e9couvrez l\u2019histoire du club ainsi que des vid\u00e9os in\u00e9dites. Histoire InformationMembres Retrouvez les informations importantes destin\u00e9es aux membres du club. Information reservation D\u00e9part Le Club\u00a0met \u00e0 votre disposition un outil pour r\u00e9server en ligne votre d\u00e9part. Demandez vos identifiants \u00e0 l\u2019accueil ou via le formulaire\u2026","rel":"","context":"Article similaire","img":{"alt_text":"","src":"","width":0,"height":0},"classes":[]},{"id":1330,"url":"https:\/\/lys.golf\/index.php\/author-home-page\/author-documentation-creer-un-article\/","url_meta":{"origin":1559,"position":3},"title":"Author Documentation cr\u00e9er un article","date":"","format":false,"excerpt":"Comment r\u00e9diger un article Avant de publier un article, il est important de s\u2019assurer qu\u2019il est bien r\u00e9dig\u00e9, sans faute, et surtout attribu\u00e9 aux bonnes cat\u00e9gories pour \u00eatre publi\u00e9 dans les bonnes sections. Pour mieux comprendre le fonctionnement, voici une documentation : INFO : Une fois que vous cliquerez sur\u2026","rel":"","context":"Article similaire","img":{"alt_text":"","src":"https:\/\/i0.wp.com\/lys.golf\/wp-content\/uploads\/2017\/03\/Article-1024x922.jpg?resize=350%2C200&ssl=1","width":350,"height":200},"classes":[]},{"id":1509,"url":"https:\/\/lys.golf\/index.php\/author-home-page\/author-documentation-creer-un-utilisateur\/","url_meta":{"origin":1559,"position":4},"title":"Author documentation cr\u00e9er un utilisateur","date":"","format":false,"excerpt":"Cr\u00e9er un acc\u00e8s membre 1 \u2013 Aller dans le menu cr\u00e9er un utilisateur : Cliquez sur l\u2019ic\u00f4ne \u201c+ Cr\u00e9er\u201d dans la barre en haut de la page puis \u201cUtilisateur\u201c. 2 \u2013 Remplir le fomulaire Remplir le formulaire avec les informations suivantes : Identifiant (Obligatoire) : Premi\u00e8re lettre du pr\u00e9nom +\u2026","rel":"","context":"Article similaire","img":{"alt_text":"","src":"https:\/\/i0.wp.com\/lys.golf\/wp-content\/uploads\/2017\/03\/Pict2-1012x1024-blur-1012x1024.jpg?resize=350%2C200&ssl=1","width":350,"height":200},"classes":[]},{"id":2734,"url":"https:\/\/lys.golf\/index.php\/zone-membres\/mentions-legales-glc\/","url_meta":{"origin":1559,"position":5},"title":"mentions l\u00e9gales GLC","date":"","format":false,"excerpt":"Mentions l\u00e9gales INFORMATIONS Le pr\u00e9sent site https:\/\/lys.golf est la propri\u00e9t\u00e9 exclusive de la soci\u00e9t\u00e9 SASU Golf du Lys Chantilly au capital de 569 307 \u20ac, immatricul\u00e9e au RCS de Paris 808 627 061, dont le si\u00e8ge social est au 16 rue de la Ville l\u2019\u00c9v\u00eaque \u2013 75008 Paris et le\u2026","rel":"","context":"Article similaire","img":{"alt_text":"","src":"","width":0,"height":0},"classes":[]}],"_links":{"self":[{"href":"https:\/\/lys.golf\/index.php\/wp-json\/wp\/v2\/pages\/1559"}],"collection":[{"href":"https:\/\/lys.golf\/index.php\/wp-json\/wp\/v2\/pages"}],"about":[{"href":"https:\/\/lys.golf\/index.php\/wp-json\/wp\/v2\/types\/page"}],"author":[{"embeddable":true,"href":"https:\/\/lys.golf\/index.php\/wp-json\/wp\/v2\/users\/8"}],"replies":[{"embeddable":true,"href":"https:\/\/lys.golf\/index.php\/wp-json\/wp\/v2\/comments?post=1559"}],"version-history":[{"count":0,"href":"https:\/\/lys.golf\/index.php\/wp-json\/wp\/v2\/pages\/1559\/revisions"}],"up":[{"embeddable":true,"href":"https:\/\/lys.golf\/index.php\/wp-json\/wp\/v2\/pages\/1321"}],"wp:attachment":[{"href":"https:\/\/lys.golf\/index.php\/wp-json\/wp\/v2\/media?parent=1559"}],"curies":[{"name":"wp","href":"https:\/\/api.w.org\/{rel}","templated":true}]}}