{"id":1695,"date":"2017-03-09T17:05:59","date_gmt":"2017-03-09T16:05:59","guid":{"rendered":"https:\/\/lys.golf\/?page_id=1695"},"modified":"2020-10-09T09:21:22","modified_gmt":"2020-10-09T09:21:22","slug":"maison-des-jeunes","status":"publish","type":"page","link":"https:\/\/lys.golf\/index.php\/golf\/maison-des-jeunes\/","title":{"rendered":"Maison des jeunes"},"content":{"rendered":"<div class=\"pbs-main-wrapper\"><div class=\"pbs-row\" data-width=\"full-width-retain-content\" style=\"background-image: url('https:\/\/lys.golf\/wp-content\/uploads\/2017\/03\/MDJ2.jpg'); color: #ffffff; margin-top: -17px; position: relative; min-height: 500px; background-size: cover; background-color: rgba(15, 15, 15, 0.5);\">\n<div class=\"pbs-col\" style=\"padding-top: 0px; justify-content: center;\">\n<p data-placeholder=\"Click here to add text\">\n<\/div>\n<\/div>\n<div data-ce-tag=\"spacer\"><\/div>\n<h1 style=\"text-align: center;\"><span style=\"color: #b18e34; text-transform: uppercase;\">Maison des Jeunes<\/span><\/h1>\n<p>La Maison des Jeunes accueille les enfants \u00e0 partir de 6 ans. Une \u00e9quipe d\u2019animateurs propose des activit\u00e9s collectives, sportives et ludiques tout au long de l\u2019ann\u00e9e (hors fermeture des installations du golf).<\/p>\n<p>Informations et inscriptions aupr\u00e8s de l\u2019accueil du Golf\u00a0\u2013 0344212600 \/ <a target=\"_blank\" xlink=\"href\" rel=\"noopener noreferrer\">contact@lys.golf<\/a><\/p>\n<div data-ce-tag=\"spacer\"><\/div>\n<p><a href=\"https:\/\/i0.wp.com\/lys.golf\/wp-content\/uploads\/2017\/03\/MDJ.jpg?ssl=1\" xlink=\"href\"> <img data-attachment-id=\"1697\" data-permalink=\"https:\/\/lys.golf\/index.php\/golf\/maison-des-jeunes\/mdj\/#main\" data-orig-file=\"https:\/\/i0.wp.com\/lys.golf\/wp-content\/uploads\/2017\/03\/MDJ.jpg?fit=1893%2C945&amp;ssl=1\" data-orig-size=\"1893,945\" data-comments-opened=\"0\" data-image-meta=\"{&quot;aperture&quot;:&quot;0&quot;,&quot;credit&quot;:&quot;POLLET, Vincent&quot;,&quot;camera&quot;:&quot;&quot;,&quot;caption&quot;:&quot;&quot;,&quot;created_timestamp&quot;:&quot;1489079418&quot;,&quot;copyright&quot;:&quot;&quot;,&quot;focal_length&quot;:&quot;0&quot;,&quot;iso&quot;:&quot;0&quot;,&quot;shutter_speed&quot;:&quot;0&quot;,&quot;title&quot;:&quot;&quot;,&quot;orientation&quot;:&quot;1&quot;}\" data-image-title=\"MDJ\" data-image-description=\"\" data-image-caption=\"\" data-medium-file=\"https:\/\/i0.wp.com\/lys.golf\/wp-content\/uploads\/2017\/03\/MDJ.jpg?fit=300%2C150&amp;ssl=1\" data-large-file=\"https:\/\/i0.wp.com\/lys.golf\/wp-content\/uploads\/2017\/03\/MDJ.jpg?fit=640%2C319&amp;ssl=1\" loading=\"lazy\" class=\"size-large wp-image-1697 aligncenter\" src=\"https:\/\/i0.wp.com\/lys.golf\/wp-content\/uploads\/2017\/03\/MDJ.jpg?resize=640%2C319&amp;ssl=1\" alt=\"\" width=\"640\" height=\"319\" srcset=\"https:\/\/i0.wp.com\/lys.golf\/wp-content\/uploads\/2017\/03\/MDJ.jpg?w=1893&amp;ssl=1 1893w, https:\/\/i0.wp.com\/lys.golf\/wp-content\/uploads\/2017\/03\/MDJ.jpg?resize=300%2C150&amp;ssl=1 300w, https:\/\/i0.wp.com\/lys.golf\/wp-content\/uploads\/2017\/03\/MDJ.jpg?resize=768%2C383&amp;ssl=1 768w, https:\/\/i0.wp.com\/lys.golf\/wp-content\/uploads\/2017\/03\/MDJ.jpg?resize=1024%2C511&amp;ssl=1 1024w, https:\/\/i0.wp.com\/lys.golf\/wp-content\/uploads\/2017\/03\/MDJ.jpg?w=1280&amp;ssl=1 1280w\" sizes=\"(max-width: 640px) 100vw, 640px\" \/> <\/a><\/p>\n<div>\n<p data-placeholder=\"Click here to add text\">\n<\/div>\n<\/div>","protected":false},"excerpt":{"rendered":"<p>Maison des Jeunes La Maison des Jeunes accueille les enfants \u00e0 partir de 6 ans. Une \u00e9quipe d\u2019animateurs propose des activit\u00e9s collectives, sportives et ludiques tout au long de l\u2019ann\u00e9e (hors fermeture des installations du golf). Informations et inscriptions aupr\u00e8s de l\u2019accueil du Golf\u00a0\u2013 0344212600 \/ contact@lys.golf<\/p>\n","protected":false},"author":2,"featured_media":0,"parent":261,"menu_order":0,"comment_status":"closed","ping_status":"closed","template":"template-full-width.php","meta":{"pmpro_default_level":""},"jetpack_sharing_enabled":true,"jetpack_shortlink":"https:\/\/wp.me\/P8s0JS-rl","jetpack-related-posts":[{"id":501,"url":"https:\/\/lys.golf\/","url_meta":{"origin":1695,"position":0},"title":"Accueil","date":"","format":false,"excerpt":"Le club du Lys Chantilly fier de son histoire prestigieuse, il demeure l\u2019un des lieux les plus attractifs de France. Scroll down R\u00c9SERVATION MEMBRES GOLF Organisez votre partie en regardant qui a d\u00e9j\u00e0 r\u00e9serv\u00e9 un d\u00e9part. Avec un peu de chance, vous retrouverez des amis. Vous pouvez aussi joindre l\u2019accueil.\u2026","rel":"","context":"Article similaire","img":{"alt_text":"","src":"https:\/\/i0.wp.com\/lys.golf\/wp-content\/uploads\/2016\/11\/cropped-lys.png?fit=1000%2C397&ssl=1&resize=350%2C200","width":350,"height":200},"classes":[]},{"id":396,"url":"https:\/\/lys.golf\/index.php\/golf\/enseignants\/","url_meta":{"origin":1695,"position":1},"title":"Enseignants","date":"","format":false,"excerpt":"j\u00e9r\u00e9my goErgen J\u00e9r\u00e9my GOERGEN rejoint le club du Lys-Chantilly \u00e0 l\u2019\u00e9t\u00e9 2018 Form\u00e9 au Centre National de Formation de la F\u00e9d\u00e9ration Fran\u00e7aise de Golf (78), \u00e0 ce jour, titulaire de l\u2019ensemble des Dipl\u00f4mes Sportifs Sp\u00e9cifiques Golf valid\u00e9s et reconnus par le Minist\u00e8re de la Jeunesse et du Sport. Il obtient\u2026","rel":"","context":"Article similaire","img":{"alt_text":"","src":"https:\/\/i0.wp.com\/lys.golf\/wp-content\/uploads\/2022\/12\/photo-Jofrrey-PENELON-225x300.jpg?resize=350%2C200&ssl=1","width":350,"height":200},"classes":[]},{"id":277,"url":"https:\/\/lys.golf\/index.php\/golf\/les-chenes-tom-simpson-1929\/","url_meta":{"origin":1695,"position":2},"title":"Les Ch\u00eanes","date":"","format":false,"excerpt":"Les Ch\u00eanes Tom Simpson 1929 Hors Limites : D\u00e9finis par les barri\u00e8res et clotures de la propri\u00e9t\u00e9, les alignements de piquets blancs et\/ou lignes blanches continues. Le putting green, la terrasse du club-house ainsi que le practice sont hors-limites. Les buttes engazonn\u00e9es de bunker ne sont pas consid\u00e9r\u00e9es comme des\u2026","rel":"","context":"Article similaire","img":{"alt_text":"","src":"","width":0,"height":0},"classes":[]},{"id":55,"url":"https:\/\/lys.golf\/index.php\/restaurant\/carte-du-restaurant\/","url_meta":{"origin":1695,"position":3},"title":"Carte du Restaurant","date":"","format":false,"excerpt":"Carte du Restaurant propos\u00e9e par notre Chef Les Formules Golfeur \u2013 17 \u20ac Entr\u00e9e du jour + Plat du jour\u00a0 \u00a0 \u00a0ou\u00a0\u00a0\u00a0 \u00a0Plat du jour + Dessert du jour Golfeur \u2013 24 \u20ac Entr\u00e9e du jour + Plat du jour + Dessert du jour Menu enfant - 9 \u20ac Plat\u2026","rel":"","context":"Article similaire","img":{"alt_text":"","src":"","width":0,"height":0},"classes":[]},{"id":390,"url":"https:\/\/lys.golf\/index.php\/golf\/green-keeper\/","url_meta":{"origin":1695,"position":4},"title":"Green-keeper","date":"","format":false,"excerpt":"Jean-Louis MIGNON Greenkeeper Jean-Louis a rejoint le projet du Lys en 2016. Apr\u00e8s des \u00e9tudes en Sciences Agronomiques, il a int\u00e9gr\u00e9 en 1991 la Formation des intendants de golf de Neuvic en Corr\u00e8ze en alternance avec un contrat qualification au Golf de Saint-Germain en laye o\u00f9 il a pu apprendre\u2026","rel":"","context":"Article similaire","img":{"alt_text":"","src":"","width":0,"height":0},"classes":[]},{"id":261,"url":"https:\/\/lys.golf\/index.php\/golf\/","url_meta":{"origin":1695,"position":5},"title":"Bienvenue au Golf du Lys Chantilly","date":"","format":false,"excerpt":"Bienvenue au Golf du Lys Chantilly Le Golf du Lys Chantilly, \ufb01er de son histoire prestigieuse, demeure un des lieux les plus attractif de France. A seulement 35km de Paris, le domaine o\u00f9 r\u00e8gne un vrai art de vivre reste con\ufb01n\u00e9 \u00e0 l\u2019abri des regards. Quand le 27 octobre 1929,\u2026","rel":"","context":"Article similaire","img":{"alt_text":"","src":"","width":0,"height":0},"classes":[]}],"_links":{"self":[{"href":"https:\/\/lys.golf\/index.php\/wp-json\/wp\/v2\/pages\/1695"}],"collection":[{"href":"https:\/\/lys.golf\/index.php\/wp-json\/wp\/v2\/pages"}],"about":[{"href":"https:\/\/lys.golf\/index.php\/wp-json\/wp\/v2\/types\/page"}],"author":[{"embeddable":true,"href":"https:\/\/lys.golf\/index.php\/wp-json\/wp\/v2\/users\/2"}],"replies":[{"embeddable":true,"href":"https:\/\/lys.golf\/index.php\/wp-json\/wp\/v2\/comments?post=1695"}],"version-history":[{"count":1,"href":"https:\/\/lys.golf\/index.php\/wp-json\/wp\/v2\/pages\/1695\/revisions"}],"predecessor-version":[{"id":2935,"href":"https:\/\/lys.golf\/index.php\/wp-json\/wp\/v2\/pages\/1695\/revisions\/2935"}],"up":[{"embeddable":true,"href":"https:\/\/lys.golf\/index.php\/wp-json\/wp\/v2\/pages\/261"}],"wp:attachment":[{"href":"https:\/\/lys.golf\/index.php\/wp-json\/wp\/v2\/media?parent=1695"}],"curies":[{"name":"wp","href":"https:\/\/api.w.org\/{rel}","templated":true}]}}