{"id":261,"date":"2017-02-24T16:38:47","date_gmt":"2017-02-24T15:38:47","guid":{"rendered":"https:\/\/lys.golf\/?page_id=261"},"modified":"2017-12-27T14:28:53","modified_gmt":"2017-12-27T13:28:53","slug":"golf","status":"publish","type":"page","link":"https:\/\/lys.golf\/index.php\/golf\/","title":{"rendered":"Bienvenue au Golf du Lys Chantilly"},"content":{"rendered":"<div class=\"pbs-main-wrapper\"><div class=\"pbs-row\" data-pbs-hide-phone=\"0\" data-width=\"full-width\" style=\"background-image: url(&quot;https:\/\/lys.golf\/wp-content\/uploads\/2017\/02\/Background-Club.jpg&quot;); margin-top: -83px;position: relative; min-height: 975px; \">\n<div class=\"pbs-col\" style=\"padding-right: 80px; padding-left: 80px; flex-basis: 50%; justify-content: center; background-color: rgba(40, 36, 37, 0.81);\">\n<h1> <span style=\"color: #ffffff\">Bienvenue au Golf du Lys Chantilly<\/span> <\/h1>\n<p style=\"text-align: justify;\"><span style=\"color:#ffffff;\">Le Golf du Lys Chantilly, \ufb01er de son histoire prestigieuse, demeure un des lieux les plus attractif de France. A seulement 35km de Paris, le domaine o\u00f9 r\u00e8gne un vrai art de vivre reste con\ufb01n\u00e9 \u00e0 l\u2019abri des regards. Quand le 27 octobre 1929, Arnaud Massy (seul Fran\u00e7ais vainqueur du British Open) inaugura le golf, pouvait-il penser que 88 ans plus tard ce club n\u2019avait pas pris une ride ? La r\u00e9putation et le rayonnement du club du Lys lui permettent d\u2019\u00eatre un club omnisport reconnu et fr\u00e9quent\u00e9 par les plus grands sportifs. Philippe Chartier fut notre pr\u00e9sident pendant de nombreuses ann\u00e9es, tout en cumulant les plus hautes fonctions pour le tennis fran\u00e7ais et international. D\u00e9sormais ce sont trois superbes parcours de golf qui perp\u00e9tuent cette tradition d\u2019excellence, mais aussi de nombreuses autres installations qui vous permettront d\u2019associer votre image \u00e0 celle du domaine avec notre forte exp\u00e9rience dans l\u2019organisation d\u2019\u00e9v\u00e8nements. Une salle de r\u00e9union pouvant accueillir jusqu\u2019\u00e0 150 personnes est \u00e0 votre disposition. Un parcours de Footgolf Neuf cours de tennis dont deux couverts Une magni\ufb01que piscine ext\u00e9rieure chauff\u00e9e Terrains de sports (football, beach volley, beach soccer) Un restaurant gastronomique o\u00f9 nous vous proposons des produits frais et enti\u00e8rement travaill\u00e9s dans nos cuisines. Le talent, la passion et la cr\u00e9ativit\u00e9 de notre chef vous feront voyager dans un environnement chic et casual.<\/span><\/p>\n<\/div>\n<div class=\"pbs-col\" style=\"flex-basis: 50%; justify-content: center;\">\n<div data-ce-tag=\"spacer\"><\/div>\n<\/div>\n<\/div>\n<\/div>","protected":false},"excerpt":{"rendered":"<p>Bienvenue au Golf du Lys Chantilly Le Golf du Lys Chantilly, \ufb01er de son histoire prestigieuse, demeure un des lieux les plus attractif de France. A seulement 35km de Paris, le domaine o\u00f9 r\u00e8gne un vrai art de vivre reste con\ufb01n\u00e9 \u00e0 l\u2019abri des regards. Quand le 27 octobre 1929, Arnaud Massy (seul Fran\u00e7ais vainqueur [&hellip;]<\/p>\n","protected":false},"author":1,"featured_media":0,"parent":0,"menu_order":0,"comment_status":"closed","ping_status":"closed","template":"template-full-width.php","meta":{"pmpro_default_level":""},"jetpack_sharing_enabled":true,"jetpack_shortlink":"https:\/\/wp.me\/P8s0JS-4d","jetpack-related-posts":[{"id":501,"url":"https:\/\/lys.golf\/","url_meta":{"origin":261,"position":0},"title":"Accueil","date":"","format":false,"excerpt":"Le club du Lys Chantilly fier de son histoire prestigieuse, il demeure l\u2019un des lieux les plus attractifs de France. Scroll down R\u00c9SERVATION MEMBRES GOLF Organisez votre partie en regardant qui a d\u00e9j\u00e0 r\u00e9serv\u00e9 un d\u00e9part. Avec un peu de chance, vous retrouverez des amis. Vous pouvez aussi joindre l\u2019accueil.\u2026","rel":"","context":"Article similaire","img":{"alt_text":"","src":"https:\/\/i0.wp.com\/lys.golf\/wp-content\/uploads\/2016\/11\/cropped-lys.png?fit=1000%2C397&ssl=1&resize=350%2C200","width":350,"height":200},"classes":[]},{"id":1154,"url":"https:\/\/lys.golf\/index.php\/golf\/histoire\/","url_meta":{"origin":261,"position":1},"title":"Histoire","date":"","format":false,"excerpt":"Histoire En golf, c\u2019est bien connu, la maturit\u00e9 est souvent longue \u00e0 venir. Tout au long de son histoire le domaine du Lys dans un premier temps, devenu par la suite \u00ab\u00a0l\u2019International Club du Lys\u00a0\u00bb (le prestigieux I.C.L.), a \u00e9volu\u00e9 avec son temps. Magniquement situ\u00e9 au c\u0153ur de la for\u00eat\u2026","rel":"","context":"Article similaire","img":{"alt_text":"","src":"https:\/\/i0.wp.com\/lys.golf\/wp-content\/uploads\/2017\/03\/lys-chantilly02.jpg?zoom=2&resize=350%2C200","width":350,"height":200},"classes":[]},{"id":287,"url":"https:\/\/lys.golf\/index.php\/golf\/pitch-putt\/","url_meta":{"origin":261,"position":2},"title":"Pitch &#038; Putt","date":"","format":false,"excerpt":"Pitch & Putt Didier Fruchet 2009 9 trous Pitch & Putt Par 27 Longueur : 940 m\u00e8tres Ce superbe Pitch & Putt dessin\u00e9 par D. Fruchet, architecte de golf, amoureux du Lys et enfant du Club, correspond parfaitement \u00e0 l\u2019id\u00e9e du Country Club du Lys Chantilly : offrir \u00e0 un\u2026","rel":"","context":"Article similaire","img":{"alt_text":"","src":"","width":0,"height":0},"classes":[]},{"id":2734,"url":"https:\/\/lys.golf\/index.php\/zone-membres\/mentions-legales-glc\/","url_meta":{"origin":261,"position":3},"title":"mentions l\u00e9gales GLC","date":"","format":false,"excerpt":"Mentions l\u00e9gales INFORMATIONS Le pr\u00e9sent site https:\/\/lys.golf est la propri\u00e9t\u00e9 exclusive de la soci\u00e9t\u00e9 SASU Golf du Lys Chantilly au capital de 569 307 \u20ac, immatricul\u00e9e au RCS de Paris 808 627 061, dont le si\u00e8ge social est au 16 rue de la Ville l\u2019\u00c9v\u00eaque \u2013 75008 Paris et le\u2026","rel":"","context":"Article similaire","img":{"alt_text":"","src":"","width":0,"height":0},"classes":[]},{"id":1702,"url":"https:\/\/lys.golf\/index.php\/golf\/country-club\/","url_meta":{"origin":261,"position":4},"title":"Country Club","date":"","format":false,"excerpt":"Country Club Le Golf du Lys Chantilly, c\u2019est aussi un espace Country Club r\u00e9serv\u00e9 \u00e0 ses membres, au sein duquel vous pourrez profiter : De Notre piscine ext\u00e9rieure chauff\u00e9e, ouverte de juin \u00e0 septembre (sous r\u00e9serve des conditions m\u00e9t\u00e9os) De 9 courts de tennis, dont 2 courts couverts Du parcours\u2026","rel":"","context":"Article similaire","img":{"alt_text":"","src":"","width":0,"height":0},"classes":[]},{"id":396,"url":"https:\/\/lys.golf\/index.php\/golf\/enseignants\/","url_meta":{"origin":261,"position":5},"title":"Enseignants","date":"","format":false,"excerpt":"j\u00e9r\u00e9my goErgen J\u00e9r\u00e9my GOERGEN rejoint le club du Lys-Chantilly \u00e0 l\u2019\u00e9t\u00e9 2018 Form\u00e9 au Centre National de Formation de la F\u00e9d\u00e9ration Fran\u00e7aise de Golf (78), \u00e0 ce jour, titulaire de l\u2019ensemble des Dipl\u00f4mes Sportifs Sp\u00e9cifiques Golf valid\u00e9s et reconnus par le Minist\u00e8re de la Jeunesse et du Sport. Il obtient\u2026","rel":"","context":"Article similaire","img":{"alt_text":"","src":"https:\/\/i0.wp.com\/lys.golf\/wp-content\/uploads\/2022\/12\/photo-Jofrrey-PENELON-225x300.jpg?resize=350%2C200&ssl=1","width":350,"height":200},"classes":[]}],"_links":{"self":[{"href":"https:\/\/lys.golf\/index.php\/wp-json\/wp\/v2\/pages\/261"}],"collection":[{"href":"https:\/\/lys.golf\/index.php\/wp-json\/wp\/v2\/pages"}],"about":[{"href":"https:\/\/lys.golf\/index.php\/wp-json\/wp\/v2\/types\/page"}],"author":[{"embeddable":true,"href":"https:\/\/lys.golf\/index.php\/wp-json\/wp\/v2\/users\/1"}],"replies":[{"embeddable":true,"href":"https:\/\/lys.golf\/index.php\/wp-json\/wp\/v2\/comments?post=261"}],"version-history":[{"count":0,"href":"https:\/\/lys.golf\/index.php\/wp-json\/wp\/v2\/pages\/261\/revisions"}],"wp:attachment":[{"href":"https:\/\/lys.golf\/index.php\/wp-json\/wp\/v2\/media?parent=261"}],"curies":[{"name":"wp","href":"https:\/\/api.w.org\/{rel}","templated":true}]}}