{"id":2734,"date":"2019-03-22T15:00:44","date_gmt":"2019-03-22T14:00:44","guid":{"rendered":"https:\/\/lys.golf\/?page_id=2734"},"modified":"2019-05-17T16:10:06","modified_gmt":"2019-05-17T14:10:06","slug":"mentions-legales-glc","status":"publish","type":"page","link":"https:\/\/lys.golf\/index.php\/zone-membres\/mentions-legales-glc\/","title":{"rendered":"mentions l\u00e9gales GLC"},"content":{"rendered":"<div class=\"pbs-main-wrapper\"><h2> <span>Mentions l\u00e9gales<\/span><\/h2>\n<h4> <span style=\"color: rgb(92, 92, 92);\">INFORMATIONS<\/span><\/h4>\n<p>Le pr\u00e9sent site https:\/\/lys.golf est la propri\u00e9t\u00e9 exclusive de la soci\u00e9t\u00e9 SASU Golf du Lys Chantilly au capital de 569 307 \u20ac, immatricul\u00e9e au RCS de Paris 808 627 061, dont le si\u00e8ge social est au 16 rue de la Ville l\u2019\u00c9v\u00eaque \u2013 75008 Paris et le site exploitation est au Rond-point du Grand Cerf \u2013 60260 Lamorlaye. Le n\u00b0 SIRET est 808 627 061 00027 et le n\u00b0 TVA intracommunautaire est FR47 808627061.<br \/>\nT\u00e9l. 03 44 21 26 00 \u2013 Mail : contact@lys.golf<\/p>\n<p>Directeur de publication : Monsieur Micka\u00ebl BATTEUX, Directeur<\/p>\n<h4> <span style=\"color: rgb(92, 92, 92);\">HERBERGEMENT DU SITE<\/span><\/h4>\n<p>Online SAS<br \/>\nBP 438<br \/>\n75366 Paris Cedex 8<br \/>\nRCS Paris B 433 115 904<\/p>\n<h4> <span style=\"color: rgb(92, 92, 92);\">CONDITIONS GENERALES D&rsquo;UTILISATION SU SITE ET DES SERVICES PROPOSES<\/span><\/h4>\n<p>L\u2019utilisation du site https:\/\/lys.golf implique l\u2019acceptation pleine et enti\u00e8re des conditions g\u00e9n\u00e9rales d\u2019utilisation ci-apr\u00e8s d\u00e9crites. Ces conditions d\u2019utilisation sont susceptibles d\u2019\u00eatre modifi\u00e9es ou compl\u00e9t\u00e9es \u00e0 tout moment, les utilisateurs du site sont donc invit\u00e9s \u00e0 les consulter de mani\u00e8re r\u00e9guli\u00e8re.<br \/>\nCe site est normalement accessible \u00e0 tout moment aux utilisateurs.<br \/>\nLe site est mis \u00e0 jour r\u00e9guli\u00e8rement. De la m\u00eame fa\u00e7on, les mentions l\u00e9gales peuvent \u00eatre modifi\u00e9es \u00e0 tout moment : elles s\u2019imposent n\u00e9anmoins \u00e0 l\u2019utilisateur qui est invit\u00e9 \u00e0 s\u2019y r\u00e9f\u00e9rer le plus souvent possible afin d\u2019en prendre connaissance.<br \/>\nLe site a pour objet de fournir une information concernant l\u2019ensemble des activit\u00e9s de la soci\u00e9t\u00e9.<br \/>\nLe Golf du Lys Chantilly s\u2019efforce de fournir sur le site https:\/\/lys.golf des informations aussi pr\u00e9cises que possible. Toutefois, il ne pourra \u00eatre tenue responsable des omissions, des inexactitudes et des carences dans la mise \u00e0 jour, qu\u2019elles soient de son fait ou du fait des tiers partenaires qui lui fournissent ces informations.<br \/>\nToutes les informations indiqu\u00e9es sur le site https:\/\/lys.golf sont donn\u00e9es \u00e0 titre indicatif, et sont susceptibles d\u2019\u00e9voluer. Par ailleurs, les renseignements figurant sur le site https:\/\/lys.golf ne sont pas exhaustifs. Ils sont donn\u00e9s sous r\u00e9serve de modifications ayant \u00e9t\u00e9 apport\u00e9es depuis leur mise en ligne.<\/p>\n<h4> <span style=\"color: rgb(92, 92, 92);\">DROITS D&rsquo;AUTEUR ET DE REPRODUCTION<\/span><\/h4>\n<p>Les documents \u00ab\u00a0publics\u00a0\u00bb ou \u00ab\u00a0officiels\u00a0\u00bb ne sont couverts par aucun droit d&rsquo;auteur (article L.122-5 du code de la propri\u00e9t\u00e9 intellectuelle) et peuvent donc \u00eatre reproduits librement.  Les informations utilis\u00e9es ne doivent l&rsquo;\u00eatre qu&rsquo;\u00e0 des fins personnelles, associatives ou professionnelles ; toute utilisation ou reproduction \u00e0 des fins commerciales ou publicitaires est interdite.<br \/>\nLa reproduction des documents non publics, textes, graphismes, photographies, logo et ressources multim\u00e9dias, quel que soit le moyen ou le proc\u00e9d\u00e9 utilis\u00e9 est soumise \u00e0 l&rsquo;accord pr\u00e9alable de leurs auteurs.<br \/>\nToute demande de reproduction ou d&rsquo;information peut \u00eatre adress\u00e9e par courriel \u00e0 contact@lys.golf<br \/>\nToute copie partielle ou totale de ce site est soumise \u00e0 autorisation. Toute exploitation non autoris\u00e9e du site ou de l\u2019un quelconque des \u00e9l\u00e9ments qu\u2019il contient sera consid\u00e9r\u00e9e comme constitutive d\u2019une contrefa\u00e7on et poursuivie conform\u00e9ment aux dispositions des articles L.335-2 et suivants du Code de Propri\u00e9t\u00e9 Intellectuelle.<\/p>\n<h4> <span style=\"color: rgb(92, 92, 92);\">GESTION DES DONNEES PERSONNELLES<\/span><\/h4>\n<p>En sa qualit\u00e9 de responsable de traitement, le Golf du Lys Chantilly s\u2019engage \u00e0 respecter les dispositions du R\u00e8glement G\u00e9n\u00e9ral sur la Protection des Donn\u00e9es du 27 avril 2016 (GDPR), la loi n\u00b0 78-87 du 6 janvier 1978 telle que modifi\u00e9e par la loi n\u00b0 2004-801 du 6 ao\u00fbt 2004 Ainsi que toute r\u00e9glementation applicable qui s\u2019y substituerait.<br \/>\nEn tout \u00e9tat de cause le Golf du Lys Chantilly ne collecte des informations personnelles relatives \u00e0 l&rsquo;utilisateur (nom, adresse \u00e9lectronique, coordonn\u00e9es, &#8230;) que pour le besoin des services propos\u00e9s par le Golf du Lys Chantilly.<br \/>\nL&rsquo;utilisateur fournit ces informations en toute connaissance de cause. Il est alors pr\u00e9cis\u00e9 \u00e0 l\u2019utilisateur du site https:\/\/lys.golf l\u2019obligation ou non de fournir ces informations.<br \/>\nAucune information personnelle de l&rsquo;utilisateur du site https:\/\/lys.golf n&rsquo;est :<br \/>\n&#8211; collect\u00e9e \u00e0 l&rsquo;insu de l&rsquo;utilisateur<br \/>\n&#8211; publi\u00e9e \u00e0 l&rsquo;insu de l&rsquo;utilisateur<br \/>\n&#8211; \u00e9chang\u00e9e, transf\u00e9r\u00e9e, c\u00e9d\u00e9e ou vendue sur un support quelconque \u00e0 des tiers.<br \/>\nConform\u00e9ment \u00e0 la r\u00e8glementation applicable, l&rsquo;utilisateur dispose \u00e0 tout moment d&rsquo;un droit d\u2019acc\u00e8s, de modification, de rectification et de suppression des donn\u00e9es nominatives collect\u00e9es le concernant, un droit \u00e0 la limitation du traitement de ses donn\u00e9es ainsi qu\u2019un droit de s\u2019opposer \u00e0 leur traitement et le droit d\u2019obtenir la portabilit\u00e9 des donn\u00e9es. Pour ce faire, l&rsquo;Abonn\u00e9 envoie au Golf du Lys Chantilly:<br \/>\n&#8211; un courrier \u00e9lectronique adress\u00e9 \u00e0 contact@lys.golf<br \/>\n&#8211; un courrier adress\u00e9 \u00e0 : Golf du Lys Chantilly &#8211; Rond-point du Grand Cerf &#8211; 60260 Lamorlaye, en indiquant son nom ou sa raison sociale, ses coordonn\u00e9es physiques et\/ou \u00e9lectroniques.<br \/>\nLa modification interviendra dans des d\u00e9lais raisonnables \u00e0 compter de la r\u00e9ception de la demande de l&rsquo;utilisateur.<\/p>\n<h4> <span style=\"color: rgb(92, 92, 92);\">DONNEES STATISTIQUES ET COOKIES<\/span><\/h4>\n<p>La navigation sur le site https:\/\/lys.golf est susceptible de provoquer l\u2019installation de cookie(s) sur l\u2019ordinateur de l\u2019utilisateur.<br \/>\nUn cookie est un fichier de petite taille, qui ne permet pas l\u2019identification de l\u2019utilisateur, mais qui enregistre des informations relatives \u00e0 la navigation d\u2019un ordinateur sur un site. Les donn\u00e9es ainsi obtenues visent \u00e0 faciliter la navigation ult\u00e9rieure sur le site, et ont \u00e9galement vocation \u00e0 permettre diverses mesures de fr\u00e9quentation.<br \/>\nIl vous est possible de refuser ces cookies ou de les supprimer sans que cela ait une quelconque influence sur votre acc\u00e8s aux pages du site.  Pour vous opposer \u00e0 l&rsquo;enregistrement de cookies ou \u00eatre pr\u00e9venu avant d&rsquo;accepter les cookies, nous vous recommandons la lecture de la rubrique d&rsquo;aide de votre navigateur qui vous pr\u00e9cisera la marche \u00e0 suivre.<br \/>\nPar ailleurs, le Golf du Lys Chantilly peut proc\u00e9der \u00e9galement \u00e0 l&rsquo;analyse de la fr\u00e9quentation du site \u00e0 partir de l&rsquo;exploitation des donn\u00e9es de connexion.  Les adresses IP relatives aux consultations effectu\u00e9es sont conserv\u00e9es ind\u00e9finiment.<\/p>\n<h4> <span style=\"color: rgb(92, 92, 92);\">MEDIATION DE LA CONSOMMATION<\/span><\/h4>\n<p>Selon l\u2019article L.612-1 du Code de la consommation, il est rappel\u00e9 que \u00ab tout consommateur a le droit de recourir gratuitement \u00e0 un m\u00e9diateur de la consommation en vue de la r\u00e9solution amiable du litige qui l\u2019oppose \u00e0 un professionnel. A cet effet, le professionnel garantit au consommateur le recours effectif \u00e0 un dispositif de m\u00e9diation de la consommation \u00bb. A ce titre Le Golf du Lys Chantilly propose \u00e0 ses Clients Consommateurs, dans le cadre de litiges qui n\u2019auraient pas trouv\u00e9 r\u00e9solution de mani\u00e8re amiable, la m\u00e9diation d\u2019un m\u00e9diateur de la consommation, dont les coordonn\u00e9es sont les suivantes SARL DEVIGNY MEDIATION \u2013 M\u00e9diateur de la consommation \u2013 11 rue de l\u2019\u00e9tang 49220 Thorign\u00e9 d\u2019Anjou \u2013 www.devignymediation.fr \u2013 contact@devignymediation.fr<br \/>\nIl est rappel\u00e9 que la m\u00e9diation n\u2019est pas obligatoire mais uniquement propos\u00e9e afin de r\u00e9soudre les litiges en \u00e9vitant un recours \u00e0 la justice.<\/p>\n<\/div>","protected":false},"excerpt":{"rendered":"<p>Mentions l\u00e9gales INFORMATIONS Le pr\u00e9sent site https:\/\/lys.golf est la propri\u00e9t\u00e9 exclusive de la soci\u00e9t\u00e9 SASU Golf du Lys Chantilly au capital de 569 307 \u20ac, immatricul\u00e9e au RCS de Paris 808 627 061, dont le si\u00e8ge social est au 16 rue de la Ville l\u2019\u00c9v\u00eaque \u2013 75008 Paris et le site exploitation est au Rond-point [&hellip;]<\/p>\n","protected":false},"author":1,"featured_media":0,"parent":331,"menu_order":0,"comment_status":"closed","ping_status":"closed","template":"template-full-width.php","meta":{"pmpro_default_level":""},"jetpack_sharing_enabled":true,"jetpack_shortlink":"https:\/\/wp.me\/P8s0JS-I6","jetpack-related-posts":[{"id":277,"url":"https:\/\/lys.golf\/index.php\/golf\/les-chenes-tom-simpson-1929\/","url_meta":{"origin":2734,"position":0},"title":"Les Ch\u00eanes","date":"","format":false,"excerpt":"Les Ch\u00eanes Tom Simpson 1929 Hors Limites : D\u00e9finis par les barri\u00e8res et clotures de la propri\u00e9t\u00e9, les alignements de piquets blancs et\/ou lignes blanches continues. Le putting green, la terrasse du club-house ainsi que le practice sont hors-limites. Les buttes engazonn\u00e9es de bunker ne sont pas consid\u00e9r\u00e9es comme des\u2026","rel":"","context":"Article similaire","img":{"alt_text":"","src":"","width":0,"height":0},"classes":[]},{"id":261,"url":"https:\/\/lys.golf\/index.php\/golf\/","url_meta":{"origin":2734,"position":1},"title":"Bienvenue au Golf du Lys Chantilly","date":"","format":false,"excerpt":"Bienvenue au Golf du Lys Chantilly Le Golf du Lys Chantilly, \ufb01er de son histoire prestigieuse, demeure un des lieux les plus attractif de France. A seulement 35km de Paris, le domaine o\u00f9 r\u00e8gne un vrai art de vivre reste con\ufb01n\u00e9 \u00e0 l\u2019abri des regards. Quand le 27 octobre 1929,\u2026","rel":"","context":"Article similaire","img":{"alt_text":"","src":"","width":0,"height":0},"classes":[]},{"id":1056,"url":"https:\/\/lys.golf\/index.php\/golf\/tarifs\/","url_meta":{"origin":2734,"position":2},"title":"Tarifs","date":"","format":false,"excerpt":"Nos tarifs au 01\/01\/2025 Vous trouverez ci-dessous notre brochure tarifaire Tarifs au 01\/01\/2025 Dossier inscription Abonnement au 01\/01\/2025 Pour les adh\u00e9rents au r\u00e9seau LeClub Golf\u00a0 une remise est appliqu\u00e9e (uniquement sur les green fees 18 trous) : carte classic -30% (du 01\/10 au 31\/03) et -20% (du 01\/04 au 30\/09)\u2026","rel":"","context":"Article similaire","img":{"alt_text":"","src":"https:\/\/i0.wp.com\/lys.golf\/wp-content\/uploads\/2020\/10\/logos_LeClub_golf_2020_quadri.png?resize=350%2C200&ssl=1","width":350,"height":200},"classes":[]},{"id":113,"url":"https:\/\/lys.golf\/index.php\/restaurant\/","url_meta":{"origin":2734,"position":3},"title":"Restaurant","date":"","format":false,"excerpt":"Le restaurant et son espace lounge Notre Chef vous propose quotidiennement un menu \u00e9labor\u00e9 que de produits frais. En compl\u00e9ment, une carte vous est propos\u00e9e. Pour plus d'informations et pour l'organisation de vos \u00e9v\u00e8nements vous pouvez nous contacter au 03 44 21 26 00 ou par mail \u00e0 restaurant@lys.golf Actualit\u00e9s\u2026","rel":"","context":"Article similaire","img":{"alt_text":"","src":"","width":0,"height":0},"classes":[]},{"id":390,"url":"https:\/\/lys.golf\/index.php\/golf\/green-keeper\/","url_meta":{"origin":2734,"position":4},"title":"Green-keeper","date":"","format":false,"excerpt":"Jean-Louis MIGNON Greenkeeper Jean-Louis a rejoint le projet du Lys en 2016. Apr\u00e8s des \u00e9tudes en Sciences Agronomiques, il a int\u00e9gr\u00e9 en 1991 la Formation des intendants de golf de Neuvic en Corr\u00e8ze en alternance avec un contrat qualification au Golf de Saint-Germain en laye o\u00f9 il a pu apprendre\u2026","rel":"","context":"Article similaire","img":{"alt_text":"","src":"","width":0,"height":0},"classes":[]},{"id":1702,"url":"https:\/\/lys.golf\/index.php\/golf\/country-club\/","url_meta":{"origin":2734,"position":5},"title":"Country Club","date":"","format":false,"excerpt":"Country Club Le Golf du Lys Chantilly, c\u2019est aussi un espace Country Club r\u00e9serv\u00e9 \u00e0 ses membres, au sein duquel vous pourrez profiter : De Notre piscine ext\u00e9rieure chauff\u00e9e, ouverte de juin \u00e0 septembre (sous r\u00e9serve des conditions m\u00e9t\u00e9os) De 9 courts de tennis, dont 2 courts couverts Du parcours\u2026","rel":"","context":"Article similaire","img":{"alt_text":"","src":"","width":0,"height":0},"classes":[]}],"_links":{"self":[{"href":"https:\/\/lys.golf\/index.php\/wp-json\/wp\/v2\/pages\/2734"}],"collection":[{"href":"https:\/\/lys.golf\/index.php\/wp-json\/wp\/v2\/pages"}],"about":[{"href":"https:\/\/lys.golf\/index.php\/wp-json\/wp\/v2\/types\/page"}],"author":[{"embeddable":true,"href":"https:\/\/lys.golf\/index.php\/wp-json\/wp\/v2\/users\/1"}],"replies":[{"embeddable":true,"href":"https:\/\/lys.golf\/index.php\/wp-json\/wp\/v2\/comments?post=2734"}],"version-history":[{"count":0,"href":"https:\/\/lys.golf\/index.php\/wp-json\/wp\/v2\/pages\/2734\/revisions"}],"up":[{"embeddable":true,"href":"https:\/\/lys.golf\/index.php\/wp-json\/wp\/v2\/pages\/331"}],"wp:attachment":[{"href":"https:\/\/lys.golf\/index.php\/wp-json\/wp\/v2\/media?parent=2734"}],"curies":[{"name":"wp","href":"https:\/\/api.w.org\/{rel}","templated":true}]}}