{"id":2912,"date":"2019-09-30T14:27:56","date_gmt":"2019-09-30T14:27:56","guid":{"rendered":"https:\/\/lys.golf\/index.php\/registration\/"},"modified":"2019-09-30T14:27:56","modified_gmt":"2019-09-30T14:27:56","slug":"registration","status":"publish","type":"page","link":"https:\/\/lys.golf\/index.php\/registration\/","title":{"rendered":"Registration"},"content":{"rendered":"<div class=\"pbs-main-wrapper\">\n\n<div class=\"pmagic\">   \n<!-----Form Starts----->\n<form class=\"pmagic-form pm-dbfl\" method=\"post\" action=\"\" id=\"pm_regform_1\" name=\"pm_regform_1\" onsubmit=\"return profile_magic_frontend_validation(this)\" enctype=\"multipart\/form-data\">\n   <fieldset id=\"fieldset_1\"><legend>Information<\/legend><div class=\"pmrow\">        \n        <div class=\"pm-col\">\n            <div class=\"pm-form-field-icon\"><\/div>\n            <div class=\"pm-field-lable\">\n                <label for=\"last_name\">Nom<sup class=\"pm_estric\">*<\/sup><\/label>\n            <\/div>\n            <div class=\"pm-field-input pm_required\">\n                <input title=\"\" type=\"text\" class=\"\" maxlength=\"\" value=\"\" id=\"last_name\" name=\"last_name\" placeholder=\"\">\n                <div class=\"errortext\" style=\"display:none;\"><\/div>\n            <\/div>\n        <\/div>\n\n        <\/div><div class=\"pmrow\">        \n        <div class=\"pm-col\">\n            <div class=\"pm-form-field-icon\"><\/div>\n            <div class=\"pm-field-lable\">\n                <label for=\"first_name\">Pr\u00e9nom<sup class=\"pm_estric\">*<\/sup><\/label>\n            <\/div>\n            <div class=\"pm-field-input pm_required\">\n                <input title=\"\" type=\"text\" class=\"\" maxlength=\"\" value=\"\" id=\"first_name\" name=\"first_name\" placeholder=\"\">\n                <div class=\"errortext\" style=\"display:none;\"><\/div>\n            <\/div>\n        <\/div>\n\n        <\/div><div class=\"pmrow\">        \n        <div class=\"pm-col\">\n            <div class=\"pm-form-field-icon\"><\/div>\n            <div class=\"pm-field-lable\">\n                <label for=\"user_email\">User Email<sup class=\"pm_estric\">*<\/sup><\/label>\n            <\/div>\n            <div class=\"pm-field-input pm_email pm_user_email pm_required\">\n                <input title=\"\" type=\"email\" class=\"\"  value=\"\" id=\"user_email\" name=\"user_email\" placeholder=\"\" onkeyup=\"pm_frontend_check_useremail('')\" onblur=\"pm_frontend_check_useremail('')\" >\n                <div class=\"errortext\" style=\"display:none;\"><\/div>\n                <div class=\"useremailerror\" style=\"display:none;\"><\/div>\n            <\/div>\n        <\/div>\n\n        <\/div><div class=\"pmrow\">        \n\n\n        <div class=\"pm-col\">\n            <div class=\"pm-form-field-icon\"><\/div>\n            <div class=\"pm-field-lable\">\n                <label for=\"pm_field_9\">Sexe<\/label>\n            <\/div>\n            <div class=\"pm-field-input\">\n                <div class=\"pmradio pm_gender\">\n                    <div class=\"pm-radio-option\"><input title=\"\" type=\"radio\" class=\"\" id=\"pm_field_9\" name=\"pm_field_9\" value=\"Masculin\" > Masculin<\/div>\n                    <div class=\"pm-radio-option\"><input title=\"\" type=\"radio\" class=\"\" id=\"pm_field_9\" name=\"pm_field_9\" value=\"F\u00e9minin\" > F\u00e9minin<\/div>\n                    <div class=\"pm-radio-option\"><input title=\"\" type=\"radio\" class=\"\" id=\"pm_field_9\" name=\"pm_field_9\" value=\"Autres\" > Autres<\/div>\n                <\/div>\n                <div class=\"errortext\" style=\"display:none;\"><\/div>\n            <\/div>\n        <\/div>\n        <\/div><div class=\"pmrow\">        \n        <div class=\"pm-col\">\n            <div class=\"pm-form-field-icon\"><\/div>\n            <div class=\"pm-field-lable\">\n                <label for=\"pm_field_20\">Date de naissance<\/label>\n            <\/div>\n            <div class=\"pm-field-input pm_datepicker\">              \n                <input type=\"text\" title=\"\" class=\"pm_calendar\" maxlength=\"\" value=\"\" id=\"pm_field_20\" name=\"pm_field_20\" placeholder=\"\">\n                <div class=\"errortext\" style=\"display:none;\"><\/div>\n            <\/div>\n        <\/div>\n        <\/div><div class=\"pmrow\">        \n        <div class=\"pm-col\">\n            <div class=\"pm-form-field-icon\"><\/div>\n            <div class=\"pm-field-lable\">\n                <label for=\"pm_field_11\">Num\u00e9ro de t\u00e9l\u00e9phone<\/label>\n            <\/div>\n            <div class=\"pm-field-input pm_phone_number\">              \n                <input type=\"text\" title=\"\" class=\"\" maxlength=\"\" value=\"\" id=\"pm_field_11\" name=\"pm_field_11\" placeholder=\"\">\n                <div class=\"errortext\" style=\"display:none;\"><\/div>\n            <\/div>\n        <\/div>\n        <\/div><div class=\"pmrow\">        \n            <div class=\"pm-col pm-col-spacer\">\n            <\/div>\n        <\/div><div class=\"pmrow\">        \n        <div class=\"pm-col\">\n            <div class=\"pm-form-field-icon\"><\/div>\n            <div class=\"pm-field-lable\">\n                <label for=\"pm_field_21\">Membre depuis<\/label>\n            <\/div>\n            <div class=\"pm-field-input pm_datepicker\">              \n                <input type=\"text\" title=\"\" class=\"pm_calendar\" maxlength=\"\" value=\"\" id=\"pm_field_21\" name=\"pm_field_21\" placeholder=\"\">\n                <div class=\"errortext\" style=\"display:none;\"><\/div>\n            <\/div>\n        <\/div>\n        <\/div><div class=\"pmrow\">        \n        <div class=\"pm-col\">\n            <div class=\"pm-form-field-icon\"><\/div>\n            <div class=\"pm-field-lable\">\n                <label for=\"pm_field_10\">Index de jeu<\/label>\n            <\/div>\n            <div class=\"pm-field-input\">\n                <textarea title=\"\" class=\"\" maxlength=\"4\" cols=\"\" rows=\"\" id=\"pm_field_10\" name=\"pm_field_10\" placeholder=\"\"><\/textarea>\n                <div class=\"errortext\" style=\"display:none;\"><\/div>\n            <\/div>\n        <\/div>\n        <\/div><div class=\"pmrow\">        \n        <div class=\"pm-col\">\n            <div class=\"pm-form-field-icon\"><\/div>\n            <div class=\"pm-field-lable\">\n                <label for=\"description\">Biographie<\/label>\n            <\/div>\n            <div class=\"pm-field-input\">\n                                 <textarea title=\"\" class=\"\" maxlength=\"\" cols=\"\" rows=\"\" id=\"description\" name=\"description\" placeholder=\"\"><\/textarea>\n                                <div class=\"errortext\" style=\"display:none;\"><\/div>\n            <\/div>\n        <\/div>\n        <\/div><div class=\"pmrow\">        \n        <div class=\"pm-col\">\n            <div class=\"pm-form-field-icon\"><\/div>\n            <div class=\"pm-field-lable\">\n                <label for=\"pm_user_avatar\">Photo<\/label>\n            <\/div>\n            <div class=\"pm-field-input pm_fileinput\">\n                <div class=\"pm_repeat\">\n                    <input title=\"\" type=\"file\" class=\"\" id=\"pm_user_avatar\" name=\"pm_user_avatar[]\" data-filter-placeholder=\"\" \/>\n                    <div class=\"pm-field-note\">Size Restrictions: Please make sure the image size is equal to or larger than 150 by 150 pixels.<\/div>\n                    <div class=\"errortext\" style=\"display:none;\"><\/div>\n                <\/div>\n\n            <\/div>\n        <\/div>\n        <\/div><div class=\"pmrow\">        \n            <div class=\"pm-col pm-col-spacer\">\n            <\/div>\n        <\/div><div class=\"pmrow\">        \n      <div class=\"pm-col\">\n            <div class=\"pm-form-field-icon\"><\/div>\n            <div class=\"pm-field-lable\">\n                <label for=\"pm_field_13\">Facebook<\/label>\n            <\/div>\n            <div class=\"pm-field-input pm_facebook_url\">\n                <input title=\"\" type=\"url\" class=\"\" maxlength=\"\" value=\"\" id=\"pm_field_13\" name=\"pm_field_13\" placeholder=\"\">\n                <div class=\"errortext\" style=\"display:none;\"><\/div>\n            <\/div>\n        <\/div>\n\n\n   \n        <\/div><div class=\"pmrow\">        \n      <div class=\"pm-col\">\n            <div class=\"pm-form-field-icon\"><\/div>\n            <div class=\"pm-field-lable\">\n                <label for=\"pm_field_15\">Google+<\/label>\n            <\/div>\n            <div class=\"pm-field-input pm_google_url\">\n                <input title=\"\" type=\"url\" class=\"\" maxlength=\"\" value=\"\" id=\"pm_field_15\" name=\"pm_field_15\" placeholder=\"\">\n                <div class=\"errortext\" style=\"display:none;\"><\/div>\n            <\/div>\n        <\/div>\n        <\/div><div class=\"pmrow\">        \n      <div class=\"pm-col\">\n            <div class=\"pm-form-field-icon\"><\/div>\n            <div class=\"pm-field-lable\">\n                <label for=\"pm_field_16\">Youtube<\/label>\n            <\/div>\n            <div class=\"pm-field-input pm_youtube_url\">\n                <input title=\"\" type=\"url\" class=\"\" maxlength=\"\" value=\"\" id=\"pm_field_16\" name=\"pm_field_16\" placeholder=\"\">\n                <div class=\"errortext\" style=\"display:none;\"><\/div>\n            <\/div>\n        <\/div>\n        <\/div><div class=\"pmrow\">        \n      <div class=\"pm-col\">\n            <div class=\"pm-form-field-icon\"><\/div>\n            <div class=\"pm-field-lable\">\n                <label for=\"pm_field_17\">Twitter<\/label>\n            <\/div>\n            <div class=\"pm-field-input pm_twitter_url\">\n                <input title=\"\" type=\"url\" class=\"\" maxlength=\"\" value=\"\" id=\"pm_field_17\" name=\"pm_field_17\" placeholder=\"\">\n                <div class=\"errortext\" style=\"display:none;\"><\/div>\n            <\/div>\n        <\/div>\n        <\/div><div class=\"pmrow\">        \n      <div class=\"pm-col\">\n            <div class=\"pm-form-field-icon\"><\/div>\n            <div class=\"pm-field-lable\">\n                <label for=\"pm_field_18\">Linked In<\/label>\n            <\/div>\n            <div class=\"pm-field-input pm_linked_in_url\">\n                <input title=\"\" type=\"url\" class=\"\" maxlength=\"\" value=\"\" id=\"pm_field_18\" name=\"pm_field_18\" placeholder=\"\">\n                <div class=\"errortext\" style=\"display:none;\"><\/div>\n            <\/div>\n        <\/div>\n        <\/div><div class=\"pmrow\">        \n      <div class=\"pm-col\">\n            <div class=\"pm-form-field-icon\"><\/div>\n            <div class=\"pm-field-lable\">\n                <label for=\"pm_field_19\">Instagram<\/label>\n            <\/div>\n            <div class=\"pm-field-input pm_instagram_url\">\n                <input title=\"\" type=\"url\" class=\"\" maxlength=\"\" value=\"\" id=\"pm_field_19\" name=\"pm_field_19\" placeholder=\"\">\n                <div class=\"errortext\" style=\"display:none;\"><\/div>\n            <\/div>\n        <\/div>\n        <\/div><div class=\"all_errors\" style=\"display:none;\"><\/div><\/fieldset>    <div class=\"buttonarea pm-full-width-container\">\n    <div class=\"all_errors\" style=\"display:none;\"><\/div>\n          \n            <input type=\"submit\" value=\"Envoyer\" name=\"reg_form_submit\">\n    <\/div>\n  <\/form>\n<\/div>\n\n<\/div>","protected":false},"excerpt":{"rendered":"","protected":false},"author":40,"featured_media":0,"parent":0,"menu_order":0,"comment_status":"closed","ping_status":"closed","template":"","meta":{"pmpro_default_level":""},"jetpack_sharing_enabled":true,"jetpack_shortlink":"https:\/\/wp.me\/P8s0JS-KY","jetpack-related-posts":[{"id":2913,"url":"https:\/\/lys.golf\/index.php\/default-user-group\/","url_meta":{"origin":2912,"position":0},"title":"Default User Group","date":"","format":false,"excerpt":"","rel":"","context":"Dans &quot;Golf&quot;","img":{"alt_text":"","src":"","width":0,"height":0},"classes":[]},{"id":501,"url":"https:\/\/lys.golf\/","url_meta":{"origin":2912,"position":1},"title":"Accueil","date":"","format":false,"excerpt":"Le club du Lys Chantilly fier de son histoire prestigieuse, il demeure l\u2019un des lieux les plus attractifs de France. Scroll down R\u00c9SERVATION MEMBRES GOLF Organisez votre partie en regardant qui a d\u00e9j\u00e0 r\u00e9serv\u00e9 un d\u00e9part. Avec un peu de chance, vous retrouverez des amis. Vous pouvez aussi joindre l\u2019accueil.\u2026","rel":"","context":"Article similaire","img":{"alt_text":"","src":"https:\/\/i0.wp.com\/lys.golf\/wp-content\/uploads\/2016\/11\/cropped-lys.png?fit=1000%2C397&ssl=1&resize=350%2C200","width":350,"height":200},"classes":[]},{"id":390,"url":"https:\/\/lys.golf\/index.php\/golf\/green-keeper\/","url_meta":{"origin":2912,"position":2},"title":"Green-keeper","date":"","format":false,"excerpt":"Jean-Louis MIGNON Greenkeeper Jean-Louis a rejoint le projet du Lys en 2016. Apr\u00e8s des \u00e9tudes en Sciences Agronomiques, il a int\u00e9gr\u00e9 en 1991 la Formation des intendants de golf de Neuvic en Corr\u00e8ze en alternance avec un contrat qualification au Golf de Saint-Germain en laye o\u00f9 il a pu apprendre\u2026","rel":"","context":"Article similaire","img":{"alt_text":"","src":"","width":0,"height":0},"classes":[]},{"id":709,"url":"https:\/\/lys.golf\/index.php\/actualite\/","url_meta":{"origin":2912,"position":3},"title":"Actualit\u00e9s","date":"","format":false,"excerpt":"Fil d\u2019actualit\u00e9 S\u2019inscrire \u00e0 la newsletter Souscrire","rel":"","context":"Article similaire","img":{"alt_text":"","src":"","width":0,"height":0},"classes":[]},{"id":22,"url":"https:\/\/lys.golf\/index.php\/contact\/","url_meta":{"origin":2912,"position":4},"title":"Contact","date":"","format":false,"excerpt":"Formulaire de Contact","rel":"","context":"Article similaire","img":{"alt_text":"","src":"","width":0,"height":0},"classes":[]},{"id":1013,"url":"https:\/\/lys.golf\/index.php\/actualites-membres\/","url_meta":{"origin":2912,"position":5},"title":"Actualit\u00e9s Membres","date":"","format":false,"excerpt":"Actualit\u00e9s pour les membres Espace Membres","rel":"","context":"Article similaire","img":{"alt_text":"","src":"","width":0,"height":0},"classes":[]}],"_links":{"self":[{"href":"https:\/\/lys.golf\/index.php\/wp-json\/wp\/v2\/pages\/2912"}],"collection":[{"href":"https:\/\/lys.golf\/index.php\/wp-json\/wp\/v2\/pages"}],"about":[{"href":"https:\/\/lys.golf\/index.php\/wp-json\/wp\/v2\/types\/page"}],"author":[{"embeddable":true,"href":"https:\/\/lys.golf\/index.php\/wp-json\/wp\/v2\/users\/40"}],"replies":[{"embeddable":true,"href":"https:\/\/lys.golf\/index.php\/wp-json\/wp\/v2\/comments?post=2912"}],"version-history":[{"count":0,"href":"https:\/\/lys.golf\/index.php\/wp-json\/wp\/v2\/pages\/2912\/revisions"}],"wp:attachment":[{"href":"https:\/\/lys.golf\/index.php\/wp-json\/wp\/v2\/media?parent=2912"}],"curies":[{"name":"wp","href":"https:\/\/api.w.org\/{rel}","templated":true}]}}