{"id":2913,"date":"2019-09-30T14:27:56","date_gmt":"2019-09-30T14:27:56","guid":{"rendered":"https:\/\/lys.golf\/index.php\/default-user-group\/"},"modified":"2019-09-30T14:27:56","modified_gmt":"2019-09-30T14:27:56","slug":"default-user-group","status":"publish","type":"page","link":"https:\/\/lys.golf\/index.php\/default-user-group\/","title":{"rendered":"Default User Group"},"content":{"rendered":"<div class=\"pbs-main-wrapper\"><div class=\"pmagic\">\n           <div class=\"pm-group-card-box pm-dbfl pm-border-bt\">\n         <div class=\"pm-group-card pm-dbfl pm-border pm-bg pm-radius5\">\n            <div class=\"pm-group-title pm-dbfl pm-bg-lt pm-pad10 pm-border-bt\">\n            <i class=\"fa fa-users\" aria-hidden=\"true\"><\/i>\n\t\t\tMembres                        <\/div>\n             <div class=\"pm-group-image pm-difl pm-border\">\n                  <img width=\"250\" height=\"250\" src=\"https:\/\/i0.wp.com\/lys.golf\/wp-content\/uploads\/2017\/12\/Logo-250x250.png?fit=250%2C250&amp;ssl=1\" class=\"\" alt=\"\" loading=\"lazy\" data-attachment-id=\"2377\" data-permalink=\"https:\/\/lys.golf\/index.php\/home\/logo-250x250\/#main\" data-orig-file=\"https:\/\/i0.wp.com\/lys.golf\/wp-content\/uploads\/2017\/12\/Logo-250x250.png?fit=250%2C250&amp;ssl=1\" data-orig-size=\"250,250\" data-comments-opened=\"0\" data-image-meta=\"{&quot;aperture&quot;:&quot;0&quot;,&quot;credit&quot;:&quot;&quot;,&quot;camera&quot;:&quot;&quot;,&quot;caption&quot;:&quot;&quot;,&quot;created_timestamp&quot;:&quot;0&quot;,&quot;copyright&quot;:&quot;&quot;,&quot;focal_length&quot;:&quot;0&quot;,&quot;iso&quot;:&quot;0&quot;,&quot;shutter_speed&quot;:&quot;0&quot;,&quot;title&quot;:&quot;&quot;,&quot;orientation&quot;:&quot;0&quot;}\" data-image-title=\"Logo 250&#215;250\" data-image-description=\"\" data-image-caption=\"\" data-medium-file=\"https:\/\/i0.wp.com\/lys.golf\/wp-content\/uploads\/2017\/12\/Logo-250x250.png?fit=250%2C250&amp;ssl=1\" data-large-file=\"https:\/\/i0.wp.com\/lys.golf\/wp-content\/uploads\/2017\/12\/Logo-250x250.png?fit=250%2C250&amp;ssl=1\" \/>                   \n                  \t\t\t\t<div class=\"pm-group-signup\">\n                                    <a href=\"https:\/\/lys.golf\/index.php\/registration\/?gid=1\" class=\"pm_button\"><button>Join Group<\/button><\/a>\t\t\t\t<\/div>                \n\t\t\t\t                 \n             <\/div>\n             <div class=\"pm-group-description pm-difl pm-bg pm-pad10 pm-border\">\n         \n         \t\t                 <div class=\"pm-card-row pm-dbfl\">\n                    <div class=\"pm-card-label pm-difl\">Membres<\/div>\n                    <div class=\"pm-card-value pm-difl\">2<\/div>\n                 <\/div>\n                                  \n                                               <\/div>\n           <\/div>\n           \n           \n\n        <\/div>\n   \n          <div id=\"pg_group_tabs\" class=\"pm-section-nav-horizental pm-dbfl\">\n        <ul class=\"pm-difl pm-profile-tab-wrap pm-border-bt\">\t\n                        <li class=\"pm-profile-tab pm-pad10\"><a class=\"pm-dbfl\" href=\"#pg_members\">Membres<\/a><\/li>\n                                     \n        <\/ul>\n                <div id=\"pg_members\" class=\"pm-dbfl pg-profile-tab-content\">\n        <input type=\"hidden\" id=\"pg-gid\" name=\"pg-gid\" value=\"1\">\n        <div class=\"pg-group-setting-head pm-dbfl pm-bg pg-group-filters-head\">\n        <div class=\"pg-group-sorting-ls pg-members-sortby pm-difl\">\n            <div class=\"pg-sortby-alpha pm-difl\">\n                <span class=\"pg-group-sorting-title pm-difl\">Trier par<\/span>\n            <span class=\"pg-sort-dropdown pm-border pm-difl\">\n                <select class=\"pg-custom-select\" name=\"member_sort_by_grid\" id=\"member_sort_by_grid\" onchange=\"pm_get_all_users_from_group_grid_view(1,'grid')\">\n                    <option value=\"oldest_first\"  selected='selected'>Oldest<\/option>\n                    <option value=\"latest_first\"  >Newest<\/option>\n                    <option value=\"first_name_asc\"  >Pr\u00e9nom ordre alphab\u00e9tique A-Z<\/option>\n                    <option value=\"first_name_desc\"  >Pr\u00e9nom ordre alphab\u00e9tique Z-A<\/option>\n                    <option value=\"last_name_asc\"  >Nom ordre alphab\u00e9tique A-Z<\/option>\n                    <option value=\"last_name_desc\"  >Nom ordre alphab\u00e9tique Z-A<\/option>\n\n                <\/select>\n            <\/span>\n                <\/div>\n            \n        <\/div>\n      \n        <div class=\"pg-group-sorting-rs pm-difr\">\n           <div class=\"pg-members-sortby\">\n                <span class=\"pg-sort-dropdown pm-border\">\n                    <select class=\"pg-custom-select\" id=\"member_search_in_grid\" name=\"member_search_in_grid\" onchange=\"pm_get_all_users_from_group_grid_view(1,'grid')\">\n                        <option value=\"\">S\u00e9lectionnez un champ<\/option>\n                        <option value=\"last_name\">Nom<\/option><option value=\"first_name\">Pr\u00e9nom<\/option><option value=\"user_email\">User Email<\/option><option value=\"pm_field_9\">Sexe<\/option><option value=\"pm_field_20\">Date de naissance<\/option><option value=\"pm_field_11\">Num\u00e9ro de t\u00e9l\u00e9phone<\/option><option value=\"pm_field_21\">Membre depuis<\/option><option value=\"pm_field_10\">Index de jeu<\/option><option value=\"description\">Biographie<\/option><option value=\"pm_field_13\">Facebook<\/option><option value=\"pm_field_15\">Google+<\/option><option value=\"pm_field_16\">Youtube<\/option><option value=\"pm_field_17\">Twitter<\/option><option value=\"pm_field_18\">Linked In<\/option><option value=\"pm_field_19\">Instagram<\/option>                    <\/select>\n                <\/span>\n\n            <\/div>\n            <div class=\"pg-member-search\"><input type=\"text\" name=\"member_search_grid\" id=\"member_search_grid\" placeholder=\"Rechercher\" onkeyup=\"pm_get_all_users_from_group_grid_view(1,'grid')\"><\/div>\n        <\/div>\n\n    <\/div>    \n        \n            <div id=\"pg_members_grid_view\">    \n            \n            \n        \n        <div class=\"pm-user-card pm-difl pm-border pm-radius5\">\n            <div class=\"pm-user-card-cover pm-dbfl\">\n                <img width=\"1100\" height=\"300\" src=\"https:\/\/i0.wp.com\/lys.golf\/wp-content\/uploads\/2018\/03\/BG.jpg?fit=1100%2C300&amp;ssl=1\" class=\"150\" alt=\"\" loading=\"lazy\" data-attachment-id=\"2532\" data-permalink=\"https:\/\/lys.golf\/bg\/\" data-orig-file=\"https:\/\/i0.wp.com\/lys.golf\/wp-content\/uploads\/2018\/03\/BG.jpg?fit=1100%2C300&amp;ssl=1\" data-orig-size=\"1100,300\" data-comments-opened=\"0\" data-image-meta=\"{&quot;aperture&quot;:&quot;13&quot;,&quot;credit&quot;:&quot;&quot;,&quot;camera&quot;:&quot;NIKON D4S&quot;,&quot;caption&quot;:&quot;&quot;,&quot;created_timestamp&quot;:&quot;1438283502&quot;,&quot;copyright&quot;:&quot;&quot;,&quot;focal_length&quot;:&quot;48&quot;,&quot;iso&quot;:&quot;200&quot;,&quot;shutter_speed&quot;:&quot;0.004&quot;,&quot;title&quot;:&quot;&quot;,&quot;orientation&quot;:&quot;1&quot;}\" data-image-title=\"BG\" data-image-description=\"\" data-image-caption=\"\" data-medium-file=\"https:\/\/i0.wp.com\/lys.golf\/wp-content\/uploads\/2018\/03\/BG.jpg?fit=300%2C82&amp;ssl=1\" data-large-file=\"https:\/\/i0.wp.com\/lys.golf\/wp-content\/uploads\/2018\/03\/BG.jpg?fit=640%2C174&amp;ssl=1\" \/>                <\/div>\n            <div class=\"pm-user-image pm-dbfl pm-bg-lt\"><img width=\"150\" height=\"150\" src=\"https:\/\/i0.wp.com\/lys.golf\/wp-content\/uploads\/2018\/03\/IMG_0534.jpg?fit=150%2C150&amp;ssl=1\" class=\"user-profile-image\" alt=\"\" loading=\"lazy\" data-attachment-id=\"2542\" data-permalink=\"https:\/\/lys.golf\/img_0534\/\" data-orig-file=\"https:\/\/i0.wp.com\/lys.golf\/wp-content\/uploads\/2018\/03\/IMG_0534.jpg?fit=2030%2C2032&amp;ssl=1\" data-orig-size=\"2030,2032\" data-comments-opened=\"0\" data-image-meta=\"{&quot;aperture&quot;:&quot;2.2&quot;,&quot;credit&quot;:&quot;&quot;,&quot;camera&quot;:&quot;iPhone 8&quot;,&quot;caption&quot;:&quot;&quot;,&quot;created_timestamp&quot;:&quot;1521326644&quot;,&quot;copyright&quot;:&quot;&quot;,&quot;focal_length&quot;:&quot;2.87&quot;,&quot;iso&quot;:&quot;400&quot;,&quot;shutter_speed&quot;:&quot;0.058823529411765&quot;,&quot;title&quot;:&quot;&quot;,&quot;orientation&quot;:&quot;0&quot;}\" data-image-title=\"IMG_0534\" data-image-description=\"\" data-image-caption=\"\" data-medium-file=\"https:\/\/i0.wp.com\/lys.golf\/wp-content\/uploads\/2018\/03\/IMG_0534.jpg?fit=300%2C300&amp;ssl=1\" data-large-file=\"https:\/\/i0.wp.com\/lys.golf\/wp-content\/uploads\/2018\/03\/IMG_0534.jpg?fit=640%2C640&amp;ssl=1\" \/><\/div>\n            <div class=\"pm-user-description pm-dbfl pm-bg-lt\">\n                <div class=\"pm-user-card-title pm-dbfl pm-pad10 pm-bg-lt pm-clip\">\n                                    <a href=\"https:\/\/lys.golf\/index.php\/zone-membres\/pm_profile\/?uid=2\">Vincent Pollet <\/a>\n                                <\/div>\n                                  \n            <\/div>\n          <\/div>         \n      \t        \n        <div class=\"pm-user-card pm-difl pm-border pm-radius5\">\n            <div class=\"pm-user-card-cover pm-dbfl\">\n                <img src=\"https:\/\/i0.wp.com\/lys.golf\/wp-content\/plugins\/profilegrid-user-profiles-groups-and-communities\/includes\/..\/public\/partials\/images\/default-cover.jpg?w=640&#038;ssl=1\" class=\"150\" data-recalc-dims=\"1\" \/>                <\/div>\n            <div class=\"pm-user-image pm-dbfl pm-bg-lt\"><img src=\"https:\/\/i0.wp.com\/lys.golf\/wp-content\/plugins\/profilegrid-user-profiles-groups-and-communities\/public\/\/partials\/images\/default-user.png?resize=150%2C150&#038;ssl=1\" width=\"150\" height=\"150\" class=\"user-profile-image\" data-recalc-dims=\"1\" \/><\/div>\n            <div class=\"pm-user-description pm-dbfl pm-bg-lt\">\n                <div class=\"pm-user-card-title pm-dbfl pm-pad10 pm-bg-lt pm-clip\">\n                                    <a href=\"https:\/\/lys.golf\/index.php\/zone-membres\/pm_profile\/?uid=37\">Thibault Predhomme <\/a>\n                                <\/div>\n                                  \n            <\/div>\n          <\/div>         \n      \t<div class=\"pm_clear\"><\/div><div class=\"pm-member-pagination-grid\"><\/div>            <\/div>  \n          <\/div>\n                        \n        \n      <\/div>\n            \n   \n    <\/div>\n<div class=\"pm-popup-mask\"><\/div>    \n\n<div id=\"pm-edit-group-popup\" style=\"display: none;\">\n    <div class=\"pm-popup-container\" id=\"pg_edit_group_html_container\">\n     \n        \n    <\/div>\n<\/div>\n\n<\/div>","protected":false},"excerpt":{"rendered":"","protected":false},"author":40,"featured_media":0,"parent":0,"menu_order":0,"comment_status":"closed","ping_status":"closed","template":"","meta":{"pmpro_default_level":""},"jetpack_sharing_enabled":true,"jetpack_shortlink":"https:\/\/wp.me\/P8s0JS-KZ","jetpack-related-posts":[{"id":2914,"url":"https:\/\/lys.golf\/index.php\/all-groups\/","url_meta":{"origin":2913,"position":0},"title":"All Groups","date":"","format":false,"excerpt":"","rel":"","context":"Article similaire","img":{"alt_text":"","src":"","width":0,"height":0},"classes":[]},{"id":2912,"url":"https:\/\/lys.golf\/index.php\/registration\/","url_meta":{"origin":2913,"position":1},"title":"Registration","date":"","format":false,"excerpt":"","rel":"","context":"Dans &quot;Golf&quot;","img":{"alt_text":"","src":"","width":0,"height":0},"classes":[]},{"id":501,"url":"https:\/\/lys.golf\/","url_meta":{"origin":2913,"position":2},"title":"Accueil","date":"","format":false,"excerpt":"Le club du Lys Chantilly fier de son histoire prestigieuse, il demeure l\u2019un des lieux les plus attractifs de France. Scroll down R\u00c9SERVATION MEMBRES GOLF Organisez votre partie en regardant qui a d\u00e9j\u00e0 r\u00e9serv\u00e9 un d\u00e9part. Avec un peu de chance, vous retrouverez des amis. Vous pouvez aussi joindre l\u2019accueil.\u2026","rel":"","context":"Article similaire","img":{"alt_text":"","src":"https:\/\/i0.wp.com\/lys.golf\/wp-content\/uploads\/2016\/11\/cropped-lys.png?fit=1000%2C397&ssl=1&resize=350%2C200","width":350,"height":200},"classes":[]},{"id":390,"url":"https:\/\/lys.golf\/index.php\/golf\/green-keeper\/","url_meta":{"origin":2913,"position":3},"title":"Green-keeper","date":"","format":false,"excerpt":"Jean-Louis MIGNON Greenkeeper Jean-Louis a rejoint le projet du Lys en 2016. Apr\u00e8s des \u00e9tudes en Sciences Agronomiques, il a int\u00e9gr\u00e9 en 1991 la Formation des intendants de golf de Neuvic en Corr\u00e8ze en alternance avec un contrat qualification au Golf de Saint-Germain en laye o\u00f9 il a pu apprendre\u2026","rel":"","context":"Article similaire","img":{"alt_text":"","src":"","width":0,"height":0},"classes":[]},{"id":709,"url":"https:\/\/lys.golf\/index.php\/actualite\/","url_meta":{"origin":2913,"position":4},"title":"Actualit\u00e9s","date":"","format":false,"excerpt":"Fil d\u2019actualit\u00e9 S\u2019inscrire \u00e0 la newsletter Souscrire","rel":"","context":"Article similaire","img":{"alt_text":"","src":"","width":0,"height":0},"classes":[]},{"id":22,"url":"https:\/\/lys.golf\/index.php\/contact\/","url_meta":{"origin":2913,"position":5},"title":"Contact","date":"","format":false,"excerpt":"Formulaire de Contact","rel":"","context":"Article similaire","img":{"alt_text":"","src":"","width":0,"height":0},"classes":[]}],"_links":{"self":[{"href":"https:\/\/lys.golf\/index.php\/wp-json\/wp\/v2\/pages\/2913"}],"collection":[{"href":"https:\/\/lys.golf\/index.php\/wp-json\/wp\/v2\/pages"}],"about":[{"href":"https:\/\/lys.golf\/index.php\/wp-json\/wp\/v2\/types\/page"}],"author":[{"embeddable":true,"href":"https:\/\/lys.golf\/index.php\/wp-json\/wp\/v2\/users\/40"}],"replies":[{"embeddable":true,"href":"https:\/\/lys.golf\/index.php\/wp-json\/wp\/v2\/comments?post=2913"}],"version-history":[{"count":0,"href":"https:\/\/lys.golf\/index.php\/wp-json\/wp\/v2\/pages\/2913\/revisions"}],"wp:attachment":[{"href":"https:\/\/lys.golf\/index.php\/wp-json\/wp\/v2\/media?parent=2913"}],"curies":[{"name":"wp","href":"https:\/\/api.w.org\/{rel}","templated":true}]}}