{"id":2914,"date":"2019-09-30T14:27:56","date_gmt":"2019-09-30T14:27:56","guid":{"rendered":"https:\/\/lys.golf\/index.php\/all-groups\/"},"modified":"2019-09-30T14:27:56","modified_gmt":"2019-09-30T14:27:56","slug":"all-groups","status":"publish","type":"page","link":"https:\/\/lys.golf\/index.php\/all-groups\/","title":{"rendered":"All Groups"},"content":{"rendered":"<div class=\"pbs-main-wrapper\"><div class=\"pmagic\">\n  <div class=\"pm-group-container pm-dbfl\">\n             <div class=\"pg-group-filters-head pm-dbfl pm-bg\">\n                <div class=\"pg-group-filter-ls pg-members-sortby pm-difl\">\n            <div class=\"pg-sortby-alpha pm-difl\">\n               \n            <span class=\"pg-sort-dropdown pm-border pm-difl\">\n                <select class=\"pg-custom-select\" name=\"group_sort_by\" id=\"group_sort_by\" onchange=\"pm_get_all_groups(1)\">\n                    <option value=\"newest\"  selected='selected'>Newest<\/option>\n                    <option value=\"oldest\" >Oldest<\/option>\n                    <option value=\"name_asc\" >Alphabetical (A-Z)<\/option>\n                    <option value=\"name_desc\" >Alphabetical (Z-A)<\/option>\n                <\/select>\n            <\/span>\n                <\/div>\n            \n        <\/div>\n                  \n        <div class=\"pg-group-filter-rs pm-difr\">\n                       <div class=\"pm-difl pg-members-sortby\">\n                <span class=\"pg-sort-view\">\n                    <span><input type=\"radio\" id=\"pg_grid_view\" name=\"pg_groups_view\" class=\"\" value=\"grid\" checked=\"checked\" onclick=\"pm_get_all_groups(1)\"\/>\n                    <label for=\"pg_grid_view\" class=\"pg-select-list-view\"><svg xmlns=\"http:\/\/www.w3.org\/2000\/svg\" width=\"40\" height=\"40\" viewbox=\"0 0 24 24\"><path d=\"M4 11h5V5H4v6zm0 7h5v-6H4v6zm6 0h5v-6h-5v6zm6 0h5v-6h-5v6zm-6-7h5V5h-5v6zm6-6v6h5V5h-5z\"\/><path d=\"M0 0h24v24H0z\" fill=\"none\"\/><\/svg><\/label>\n                    <\/span>\n                    <span> <input type=\"radio\" id=\"pg_list_view\" name=\"pg_groups_view\" class=\"\" value=\"list\" onclick=\"pm_get_all_groups(1)\" \/>\n                    <label for=\"pg_list_view\"><svg xmlns=\"http:\/\/www.w3.org\/2000\/svg\" width=\"40\" height=\"40\" viewbox=\"0 0 24 24\"><path d=\"M4 14h4v-4H4v4zm0 5h4v-4H4v4zM4 9h4V5H4v4zm5 5h12v-4H9v4zm0 5h12v-4H9v4zM9 5v4h12V5H9z\"\/><path d=\"M0 0h24v24H0z\" fill=\"none\"\/><\/svg><\/label>\n                    <\/span>\n                <\/span>\n\n            <\/div>\n                                    <div class=\"pg-group-search pm-difl\"><input type=\"text\" name=\"group_search\" id=\"group_search\" placeholder=\"Rechercher\" onkeyup=\"pm_get_all_groups(1)\"><\/div>\n                    <\/div>\n           \n    <\/div>   \n            \n   <div class=\"pm-all-group-container pm-dbfl\">\n    \t\t\t\t<div class=\"pm-group pm-difl pm-border pm-radius5 pm-bg-lt pm50\">\n\t\t\t\t  <div class=\"pm-group-heading pm-dbfl pm-border-bt pm-pad10 pm-clip\"><a href=\"https:\/\/lys.golf\/index.php\/default-user-group\/?gid=4\">Administrateur<\/a><\/div>\n\t\t\t\t  <div class=\"pm-group-info pm-dbfl\">\n\t\t\t\t\t<div class=\"pm-group-logo pm-dbfl pm-bg pm-border-bt\">\n\t\t\t\t\t\t<div class=\"pm-group-logo-img\">\n\t\t\t\t\t\t<img src=\"https:\/\/i0.wp.com\/lys.golf\/wp-content\/plugins\/profilegrid-user-profiles-groups-and-communities\/includes\/..\/public\/partials\/images\/default-group.png?w=640&#038;ssl=1\" class=\"\" data-recalc-dims=\"1\" \/>\t\t\t\t\t\t<\/div>\n\t\t\t\t\t\t<div class=\"pm-group-bg\">\n\t\t\t\t\t\t<img src=\"https:\/\/i0.wp.com\/lys.golf\/wp-content\/plugins\/profilegrid-user-profiles-groups-and-communities\/includes\/..\/public\/partials\/images\/default-group.png?w=640&#038;ssl=1\" class=\"\" data-recalc-dims=\"1\" \/>\t\t\t\t\t\t<\/div>\n\t\t\t\t\t<\/div>\n\t\t\t\t\t\t\t\t\t\t<div class=\"pm-group-desc pm-dbfl pm-pad10\"><\/div>\n\n\t\t\t\t  <\/div>\n\t\t\t\t   \n\t\t\t\t  <div class=\"pm-group-button pm-dbfl pm-pad10\">\n\t\t\t\t   <div class=\"pm-group-signup\">\n                                       <a href=\"https:\/\/lys.golf\/index.php\/registration\/?gid=4\" class=\"pm_button\"><button>Join Group<\/button><\/a>                                   <\/div>\n\t\t\t\t\t\t\t\t\t\t\t<div class=\"pm_free_group\">Gratuit<\/div>\n\t\t\t\t\t\t\t\t\t\t<\/div>\n\t\t\t\t   \t\t\t\t<\/div>\n\t\t\t\t\t\t\t\t<div class=\"pm-group pm-difl pm-border pm-radius5 pm-bg-lt pm50\">\n\t\t\t\t  <div class=\"pm-group-heading pm-dbfl pm-border-bt pm-pad10 pm-clip\"><a href=\"https:\/\/lys.golf\/index.php\/default-user-group\/?gid=3\">Staff<\/a><\/div>\n\t\t\t\t  <div class=\"pm-group-info pm-dbfl\">\n\t\t\t\t\t<div class=\"pm-group-logo pm-dbfl pm-bg pm-border-bt\">\n\t\t\t\t\t\t<div class=\"pm-group-logo-img\">\n\t\t\t\t\t\t<img src=\"https:\/\/i0.wp.com\/lys.golf\/wp-content\/plugins\/profilegrid-user-profiles-groups-and-communities\/includes\/..\/public\/partials\/images\/default-group.png?w=640&#038;ssl=1\" class=\"\" data-recalc-dims=\"1\" \/>\t\t\t\t\t\t<\/div>\n\t\t\t\t\t\t<div class=\"pm-group-bg\">\n\t\t\t\t\t\t<img src=\"https:\/\/i0.wp.com\/lys.golf\/wp-content\/plugins\/profilegrid-user-profiles-groups-and-communities\/includes\/..\/public\/partials\/images\/default-group.png?w=640&#038;ssl=1\" class=\"\" data-recalc-dims=\"1\" \/>\t\t\t\t\t\t<\/div>\n\t\t\t\t\t<\/div>\n\t\t\t\t\t\t\t\t\t\t<div class=\"pm-group-desc pm-dbfl pm-pad10\"><\/div>\n\n\t\t\t\t  <\/div>\n\t\t\t\t   \n\t\t\t\t  <div class=\"pm-group-button pm-dbfl pm-pad10\">\n\t\t\t\t   <div class=\"pm-group-signup\">\n                                       <a href=\"https:\/\/lys.golf\/index.php\/registration\/?gid=3\" class=\"pm_button\"><button>Join Group<\/button><\/a>                                   <\/div>\n\t\t\t\t\t\t\t\t\t\t\t<div class=\"pm_free_group\">Gratuit<\/div>\n\t\t\t\t\t\t\t\t\t\t<\/div>\n\t\t\t\t   \t\t\t\t<\/div>\n\t\t\t\t\t\t\t\t<div class=\"pm-group pm-difl pm-border pm-radius5 pm-bg-lt pm50\">\n\t\t\t\t  <div class=\"pm-group-heading pm-dbfl pm-border-bt pm-pad10 pm-clip\"><a href=\"https:\/\/lys.golf\/index.php\/default-user-group\/?gid=1\">Membres<\/a><\/div>\n\t\t\t\t  <div class=\"pm-group-info pm-dbfl\">\n\t\t\t\t\t<div class=\"pm-group-logo pm-dbfl pm-bg pm-border-bt\">\n\t\t\t\t\t\t<div class=\"pm-group-logo-img\">\n\t\t\t\t\t\t<img width=\"250\" height=\"250\" src=\"https:\/\/i0.wp.com\/lys.golf\/wp-content\/uploads\/2017\/12\/Logo-250x250.png?fit=250%2C250&amp;ssl=1\" class=\"\" alt=\"\" loading=\"lazy\" data-attachment-id=\"2377\" data-permalink=\"https:\/\/lys.golf\/index.php\/home\/logo-250x250\/#main\" data-orig-file=\"https:\/\/i0.wp.com\/lys.golf\/wp-content\/uploads\/2017\/12\/Logo-250x250.png?fit=250%2C250&amp;ssl=1\" data-orig-size=\"250,250\" data-comments-opened=\"0\" data-image-meta=\"{&quot;aperture&quot;:&quot;0&quot;,&quot;credit&quot;:&quot;&quot;,&quot;camera&quot;:&quot;&quot;,&quot;caption&quot;:&quot;&quot;,&quot;created_timestamp&quot;:&quot;0&quot;,&quot;copyright&quot;:&quot;&quot;,&quot;focal_length&quot;:&quot;0&quot;,&quot;iso&quot;:&quot;0&quot;,&quot;shutter_speed&quot;:&quot;0&quot;,&quot;title&quot;:&quot;&quot;,&quot;orientation&quot;:&quot;0&quot;}\" data-image-title=\"Logo 250&#215;250\" data-image-description=\"\" data-image-caption=\"\" data-medium-file=\"https:\/\/i0.wp.com\/lys.golf\/wp-content\/uploads\/2017\/12\/Logo-250x250.png?fit=250%2C250&amp;ssl=1\" data-large-file=\"https:\/\/i0.wp.com\/lys.golf\/wp-content\/uploads\/2017\/12\/Logo-250x250.png?fit=250%2C250&amp;ssl=1\" \/>\t\t\t\t\t\t<\/div>\n\t\t\t\t\t\t<div class=\"pm-group-bg\">\n\t\t\t\t\t\t<img width=\"250\" height=\"250\" src=\"https:\/\/i0.wp.com\/lys.golf\/wp-content\/uploads\/2017\/12\/Logo-250x250.png?fit=250%2C250&amp;ssl=1\" class=\"\" alt=\"\" loading=\"lazy\" data-attachment-id=\"2377\" data-permalink=\"https:\/\/lys.golf\/index.php\/home\/logo-250x250\/#main\" data-orig-file=\"https:\/\/i0.wp.com\/lys.golf\/wp-content\/uploads\/2017\/12\/Logo-250x250.png?fit=250%2C250&amp;ssl=1\" data-orig-size=\"250,250\" data-comments-opened=\"0\" data-image-meta=\"{&quot;aperture&quot;:&quot;0&quot;,&quot;credit&quot;:&quot;&quot;,&quot;camera&quot;:&quot;&quot;,&quot;caption&quot;:&quot;&quot;,&quot;created_timestamp&quot;:&quot;0&quot;,&quot;copyright&quot;:&quot;&quot;,&quot;focal_length&quot;:&quot;0&quot;,&quot;iso&quot;:&quot;0&quot;,&quot;shutter_speed&quot;:&quot;0&quot;,&quot;title&quot;:&quot;&quot;,&quot;orientation&quot;:&quot;0&quot;}\" data-image-title=\"Logo 250&#215;250\" data-image-description=\"\" data-image-caption=\"\" data-medium-file=\"https:\/\/i0.wp.com\/lys.golf\/wp-content\/uploads\/2017\/12\/Logo-250x250.png?fit=250%2C250&amp;ssl=1\" data-large-file=\"https:\/\/i0.wp.com\/lys.golf\/wp-content\/uploads\/2017\/12\/Logo-250x250.png?fit=250%2C250&amp;ssl=1\" \/>\t\t\t\t\t\t<\/div>\n\t\t\t\t\t<\/div>\n\t\t\t\t\t\t\t\t\t\t<div class=\"pm-group-desc pm-dbfl pm-pad10\"><\/div>\n\n\t\t\t\t  <\/div>\n\t\t\t\t   \n\t\t\t\t  <div class=\"pm-group-button pm-dbfl pm-pad10\">\n\t\t\t\t   <div class=\"pm-group-signup\">\n                                       <a href=\"https:\/\/lys.golf\/index.php\/registration\/?gid=1\" class=\"pm_button\"><button>Join Group<\/button><\/a>                                   <\/div>\n\t\t\t\t\t\t\t\t\t\t\t<div class=\"pm_free_group\">Gratuit<\/div>\n\t\t\t\t\t\t\t\t\t\t<\/div>\n\t\t\t\t   \t\t\t\t<\/div>\n\t\t\t\t\t <div class=\"pm_clear\"><\/div>\n\t\t<div class=\"pm-groups-pagination\"><\/div><\/div>\n\n  <\/div>\n<\/div>\n\n<\/div>","protected":false},"excerpt":{"rendered":"","protected":false},"author":40,"featured_media":0,"parent":0,"menu_order":0,"comment_status":"closed","ping_status":"closed","template":"","meta":{"pmpro_default_level":""},"jetpack_sharing_enabled":true,"jetpack_shortlink":"https:\/\/wp.me\/P8s0JS-L0","jetpack-related-posts":[{"id":2913,"url":"https:\/\/lys.golf\/index.php\/default-user-group\/","url_meta":{"origin":2914,"position":0},"title":"Default User Group","date":"","format":false,"excerpt":"","rel":"","context":"Dans &quot;Golf&quot;","img":{"alt_text":"","src":"","width":0,"height":0},"classes":[]},{"id":1432,"url":"https:\/\/lys.golf\/index.php\/zone-membres\/pm_profile\/","url_meta":{"origin":2914,"position":1},"title":"My Profile","date":"","format":false,"excerpt":"R\u00e8gles de confidentialit\u00e9 \u2013 Par d\u00e9faut, votre profile est visible des autres membres. Si vous souhaitez le masquer, rendez vous sur : -> Settings -> Privacy -> et cochez \u201cYes\u201d sous \u201cHide My Profile From Groups and Search Results\u201d.","rel":"","context":"Article similaire","img":{"alt_text":"","src":"","width":0,"height":0},"classes":[]},{"id":2350,"url":"https:\/\/lys.golf\/index.php\/zone-membres\/annuaire-membres\/","url_meta":{"origin":2914,"position":2},"title":"Annuaire membres","date":"","format":false,"excerpt":"Annuaire des membres R\u00e8gles de confidentialit\u00e9\u00a0\u2013 Par d\u00e9faut, votre profile est visible des autres membres. Si vous souhaitez le masquer, rendez vous sur :-> Settings -> Privacy -> et cochez \u201cYes\u201d sous \u201cHide My Profile From Groups and Search Results\u201d.","rel":"","context":"Article similaire","img":{"alt_text":"","src":"","width":0,"height":0},"classes":[]},{"id":1509,"url":"https:\/\/lys.golf\/index.php\/author-home-page\/author-documentation-creer-un-utilisateur\/","url_meta":{"origin":2914,"position":3},"title":"Author documentation cr\u00e9er un utilisateur","date":"","format":false,"excerpt":"Cr\u00e9er un acc\u00e8s membre 1 \u2013 Aller dans le menu cr\u00e9er un utilisateur : Cliquez sur l\u2019ic\u00f4ne \u201c+ Cr\u00e9er\u201d dans la barre en haut de la page puis \u201cUtilisateur\u201c. 2 \u2013 Remplir le fomulaire Remplir le formulaire avec les informations suivantes : Identifiant (Obligatoire) : Premi\u00e8re lettre du pr\u00e9nom +\u2026","rel":"","context":"Article similaire","img":{"alt_text":"","src":"https:\/\/i0.wp.com\/lys.golf\/wp-content\/uploads\/2017\/03\/Pict2-1012x1024-blur-1012x1024.jpg?resize=350%2C200&ssl=1","width":350,"height":200},"classes":[]},{"id":2421,"url":"https:\/\/lys.golf\/index.php\/zone-membres\/regles-de-confidentialite\/","url_meta":{"origin":2914,"position":4},"title":"R\u00e8gles de confidentialit\u00e9","date":"","format":false,"excerpt":"R\u00e8gles de confidentialit\u00e9 Lorsque vous utilisez nos services, vous nous faites confiance pour le traitement de vos donn\u00e9es. Les pr\u00e9sentes r\u00e8gles de confidentialit\u00e9 visent \u00e0 vous indiquer quelles informations nous collectons, pour quelle raison, et comment nous les utilisons. Ces r\u00e8gles sont importantes et nous esp\u00e9rons que vous prendrez le\u2026","rel":"","context":"Article similaire","img":{"alt_text":"","src":"","width":0,"height":0},"classes":[]}],"_links":{"self":[{"href":"https:\/\/lys.golf\/index.php\/wp-json\/wp\/v2\/pages\/2914"}],"collection":[{"href":"https:\/\/lys.golf\/index.php\/wp-json\/wp\/v2\/pages"}],"about":[{"href":"https:\/\/lys.golf\/index.php\/wp-json\/wp\/v2\/types\/page"}],"author":[{"embeddable":true,"href":"https:\/\/lys.golf\/index.php\/wp-json\/wp\/v2\/users\/40"}],"replies":[{"embeddable":true,"href":"https:\/\/lys.golf\/index.php\/wp-json\/wp\/v2\/comments?post=2914"}],"version-history":[{"count":0,"href":"https:\/\/lys.golf\/index.php\/wp-json\/wp\/v2\/pages\/2914\/revisions"}],"wp:attachment":[{"href":"https:\/\/lys.golf\/index.php\/wp-json\/wp\/v2\/media?parent=2914"}],"curies":[{"name":"wp","href":"https:\/\/api.w.org\/{rel}","templated":true}]}}