{"id":331,"date":"2017-02-25T09:55:17","date_gmt":"2017-02-25T08:55:17","guid":{"rendered":"https:\/\/lys.golf\/?page_id=331"},"modified":"2017-12-28T11:07:21","modified_gmt":"2017-12-28T10:07:21","slug":"zone-membres","status":"publish","type":"page","link":"https:\/\/lys.golf\/index.php\/zone-membres\/","title":{"rendered":"Zone Membres"},"content":{"rendered":"<div class=\"pbs-main-wrapper\"><div class=\"pmpro_content_message\">Cette section est accessible uniquement par les membres inscrit sur le site.<\/div>\n<\/div>","protected":false},"excerpt":{"rendered":"<div class=\"pmpro_content_message\">Cette section est accessible uniquement par les membres inscrit sur le site.<\/div>","protected":false},"author":1,"featured_media":0,"parent":0,"menu_order":0,"comment_status":"closed","ping_status":"closed","template":"template-full-width.php","meta":{"pmpro_default_level":""},"jetpack_sharing_enabled":true,"jetpack_shortlink":"https:\/\/wp.me\/P8s0JS-5l","jetpack-related-posts":[{"id":2350,"url":"https:\/\/lys.golf\/index.php\/zone-membres\/annuaire-membres\/","url_meta":{"origin":331,"position":0},"title":"Annuaire membres","date":"","format":false,"excerpt":"Annuaire des membres R\u00e8gles de confidentialit\u00e9\u00a0\u2013 Par d\u00e9faut, votre profile est visible des autres membres. Si vous souhaitez le masquer, rendez vous sur :-> Settings -> Privacy -> et cochez \u201cYes\u201d sous \u201cHide My Profile From Groups and Search Results\u201d.","rel":"","context":"Article similaire","img":{"alt_text":"","src":"","width":0,"height":0},"classes":[]},{"id":1432,"url":"https:\/\/lys.golf\/index.php\/zone-membres\/pm_profile\/","url_meta":{"origin":331,"position":1},"title":"My Profile","date":"","format":false,"excerpt":"R\u00e8gles de confidentialit\u00e9 \u2013 Par d\u00e9faut, votre profile est visible des autres membres. Si vous souhaitez le masquer, rendez vous sur : -> Settings -> Privacy -> et cochez \u201cYes\u201d sous \u201cHide My Profile From Groups and Search Results\u201d.","rel":"","context":"Article similaire","img":{"alt_text":"","src":"","width":0,"height":0},"classes":[]},{"id":1360,"url":"https:\/\/lys.golf\/index.php\/compte-dadherent\/","url_meta":{"origin":331,"position":2},"title":"Compte d&rsquo;adh\u00e9rent","date":"","format":false,"excerpt":"Membres Cet espace est tristement r\u00e9serv\u00e9 aux membres du Club du Lys Chantilly qui sont \u00e0 jour de leur cotisation. Si vous n'avez pas encore d'identifiant, veuillez vous rapprocher de l'accueil ou faire la demande via le formulaire de contact. Sinon vous pouvez vous connecter en utilisant le lien \"se\u2026","rel":"","context":"Article similaire","img":{"alt_text":"","src":"","width":0,"height":0},"classes":[]},{"id":1366,"url":"https:\/\/lys.golf\/index.php\/compte-dadherent\/niveaux-dadhesion\/","url_meta":{"origin":331,"position":3},"title":"Niveaux d&rsquo;adh\u00e9sion","date":"","format":false,"excerpt":"Membres Cet espace est tristement r\u00e9serv\u00e9 aux membres du Club du Lys Chantilly qui sont \u00e0 jour de leur cotisation. Si vous n'avez pas encore d'identifiant, veuillez vous rapprocher de l'accueil ou faire la demande via le formulaire de contact. Sinon, vous pouvez vous connecter en utilisant le lien \"Se\u2026","rel":"","context":"Article similaire","img":{"alt_text":"","src":"","width":0,"height":0},"classes":[]},{"id":1702,"url":"https:\/\/lys.golf\/index.php\/golf\/country-club\/","url_meta":{"origin":331,"position":4},"title":"Country Club","date":"","format":false,"excerpt":"Country Club Le Golf du Lys Chantilly, c\u2019est aussi un espace Country Club r\u00e9serv\u00e9 \u00e0 ses membres, au sein duquel vous pourrez profiter : De Notre piscine ext\u00e9rieure chauff\u00e9e, ouverte de juin \u00e0 septembre (sous r\u00e9serve des conditions m\u00e9t\u00e9os) De 9 courts de tennis, dont 2 courts couverts Du parcours\u2026","rel":"","context":"Article similaire","img":{"alt_text":"","src":"","width":0,"height":0},"classes":[]},{"id":501,"url":"https:\/\/lys.golf\/","url_meta":{"origin":331,"position":5},"title":"Accueil","date":"","format":false,"excerpt":"Le club du Lys Chantilly fier de son histoire prestigieuse, il demeure l\u2019un des lieux les plus attractifs de France. Scroll down R\u00c9SERVATION MEMBRES GOLF Organisez votre partie en regardant qui a d\u00e9j\u00e0 r\u00e9serv\u00e9 un d\u00e9part. Avec un peu de chance, vous retrouverez des amis. Vous pouvez aussi joindre l\u2019accueil.\u2026","rel":"","context":"Article similaire","img":{"alt_text":"","src":"https:\/\/i0.wp.com\/lys.golf\/wp-content\/uploads\/2016\/11\/cropped-lys.png?fit=1000%2C397&ssl=1&resize=350%2C200","width":350,"height":200},"classes":[]}],"_links":{"self":[{"href":"https:\/\/lys.golf\/index.php\/wp-json\/wp\/v2\/pages\/331"}],"collection":[{"href":"https:\/\/lys.golf\/index.php\/wp-json\/wp\/v2\/pages"}],"about":[{"href":"https:\/\/lys.golf\/index.php\/wp-json\/wp\/v2\/types\/page"}],"author":[{"embeddable":true,"href":"https:\/\/lys.golf\/index.php\/wp-json\/wp\/v2\/users\/1"}],"replies":[{"embeddable":true,"href":"https:\/\/lys.golf\/index.php\/wp-json\/wp\/v2\/comments?post=331"}],"version-history":[{"count":0,"href":"https:\/\/lys.golf\/index.php\/wp-json\/wp\/v2\/pages\/331\/revisions"}],"wp:attachment":[{"href":"https:\/\/lys.golf\/index.php\/wp-json\/wp\/v2\/media?parent=331"}],"curies":[{"name":"wp","href":"https:\/\/api.w.org\/{rel}","templated":true}]}}